{"id":620,"date":"2018-03-06T12:01:26","date_gmt":"2018-03-06T11:01:26","guid":{"rendered":"https:\/\/choraledubrassus.ch\/discography\/150eme-chorale-du-brassus\/"},"modified":"2024-04-11T08:46:42","modified_gmt":"2024-04-11T06:46:42","slug":"150eme-chorale-du-brassus","status":"publish","type":"page","link":"https:\/\/choraledubrassus.ch\/en\/discography\/150eme-chorale-du-brassus\/","title":{"rendered":"150\u00e8me Chorale du Brassus"},"content":{"rendered":"\t\t<div data-elementor-type=\"wp-post\" data-elementor-id=\"620\" class=\"elementor elementor-620 elementor-303 elementor-bc-flex-widget\" data-elementor-post-type=\"page\">\n\t\t\t\t\t\t<section class=\"elementor-section elementor-top-section elementor-element elementor-element-75055325 elementor-section-stretched elementor-section-full_width elementor-section-content-bottom elementor-section-height-default elementor-section-height-default\" data-id=\"75055325\" data-element_type=\"section\" data-settings=\"{&quot;stretch_section&quot;:&quot;section-stretched&quot;,&quot;background_background&quot;:&quot;classic&quot;}\">\n\t\t\t\t\t\t\t<div class=\"elementor-background-overlay\"><\/div>\n\t\t\t\t\t\t\t<div class=\"elementor-container elementor-column-gap-default\">\n\t\t\t\t\t<div class=\"elementor-column elementor-col-100 elementor-top-column elementor-element elementor-element-78952526\" data-id=\"78952526\" data-element_type=\"column\">\n\t\t\t<div class=\"elementor-widget-wrap elementor-element-populated\">\n\t\t\t\t\t\t<div class=\"elementor-element elementor-element-6edf8628 elementor-widget elementor-widget-shortcode\" data-id=\"6edf8628\" data-element_type=\"widget\" data-widget_type=\"shortcode.default\">\n\t\t\t\t<div class=\"elementor-widget-container\">\n\t\t\t\t\t\t\t<div class=\"elementor-shortcode\"><span class=\"oceanwp-breadcrumb\"><nav role=\"navigation\" aria-label=\"Breadcrumbs\" class=\"site-breadcrumbs clr position-\"><ol class=\"trail-items\" ><meta name=\"numberOfItems\" content=\"1\" \/><meta name=\"itemListOrder\" content=\"Ascending\" \/><li class=\"trail-item trail-end\" ><span itemprop=\"name\"><a href=\"https:\/\/choraledubrassus.ch\/en\/\" rel=\"home\" aria-label=\"Home\"><i class=\" icon-home\" aria-hidden=\"true\" role=\"img\"><\/i><span class=\"breadcrumb-home has-icon\">Home<\/span><\/a><\/span><meta itemprop=\"position\" content=\"1\" \/><\/li><\/ol><\/nav><\/span><\/div>\n\t\t\t\t\t\t<\/div>\n\t\t\t\t<\/div>\n\t\t\t\t<div class=\"elementor-element elementor-element-d54c879 elementor-widget elementor-widget-heading\" data-id=\"d54c879\" data-element_type=\"widget\" data-widget_type=\"heading.default\">\n\t\t\t\t<div class=\"elementor-widget-container\">\n\t\t\t\t\t<h1 class=\"elementor-heading-title elementor-size-default\">150\u00e8me Chorale du Brassus\t<\/h1>\t\t\t\t<\/div>\n\t\t\t\t<\/div>\n\t\t\t\t\t<\/div>\n\t\t<\/div>\n\t\t\t\t\t<\/div>\n\t\t<\/section>\n\t\t\t\t<section class=\"elementor-section elementor-top-section elementor-element elementor-element-8531266 elementor-section-boxed elementor-section-height-default elementor-section-height-default\" data-id=\"8531266\" data-element_type=\"section\">\n\t\t\t\t\t\t<div class=\"elementor-container elementor-column-gap-default\">\n\t\t\t\t\t<div class=\"elementor-column elementor-col-100 elementor-top-column elementor-element elementor-element-747d5ff\" data-id=\"747d5ff\" data-element_type=\"column\">\n\t\t\t<div class=\"elementor-widget-wrap elementor-element-populated\">\n\t\t\t\t\t\t<div class=\"elementor-element elementor-element-396a376 elementor-icon-list--layout-traditional elementor-list-item-link-full_width elementor-widget elementor-widget-icon-list\" data-id=\"396a376\" data-element_type=\"widget\" data-widget_type=\"icon-list.default\">\n\t\t\t\t<div class=\"elementor-widget-container\">\n\t\t\t\t\t\t\t<ul class=\"elementor-icon-list-items\">\n\t\t\t\t\t\t\t<li class=\"elementor-icon-list-item\">\n\t\t\t\t\t\t\t\t\t\t\t<a href=\"https:\/\/choraledubrassus.ch\/en\/discography\/\">\n\n\t\t\t\t\t\t\t\t\t\t\t\t<span class=\"elementor-icon-list-icon\">\n\t\t\t\t\t\t\t\t\t\t\t\t\t\t\t\t<i class=\"fa fa-chevron-left\" aria-hidden=\"true\"><\/i>\n\t\t\t\t\t\t\t\t\t\t\t\t\t<\/span>\n\t\t\t\t\t\t\t\t\t\t<span class=\"elementor-icon-list-text\">Retour \u00e0 la discographie<\/span>\n\t\t\t\t\t\t\t\t\t\t\t<\/a>\n\t\t\t\t\t\t\t\t\t<\/li>\n\t\t\t\t\t\t<\/ul>\n\t\t\t\t\t\t<\/div>\n\t\t\t\t<\/div>\n\t\t\t\t\t<\/div>\n\t\t<\/div>\n\t\t\t\t\t<\/div>\n\t\t<\/section>\n\t\t\t\t<section class=\"elementor-section elementor-top-section elementor-element elementor-element-f7a340c elementor-section-boxed elementor-section-height-default elementor-section-height-default\" data-id=\"f7a340c\" data-element_type=\"section\">\n\t\t\t\t\t\t<div class=\"elementor-container elementor-column-gap-default\">\n\t\t\t\t\t<div class=\"elementor-column elementor-col-50 elementor-top-column elementor-element elementor-element-747ba2c5\" data-id=\"747ba2c5\" data-element_type=\"column\">\n\t\t\t<div class=\"elementor-widget-wrap elementor-element-populated\">\n\t\t\t\t\t\t<div class=\"elementor-element elementor-element-fefc4e3 elementor-widget elementor-widget-image\" data-id=\"fefc4e3\" data-element_type=\"widget\" data-widget_type=\"image.default\">\n\t\t\t\t<div class=\"elementor-widget-container\">\n\t\t\t\t\t\t\t\t\t\t\t\t\t\t\t<img fetchpriority=\"high\" decoding=\"async\" width=\"250\" height=\"231\" src=\"https:\/\/choraledubrassus.ch\/wp-content\/uploads\/150e_HD.jpg\" class=\"attachment-large size-large wp-image-288\" alt=\"\" \/>\t\t\t\t\t\t\t\t\t\t\t\t\t\t\t<\/div>\n\t\t\t\t<\/div>\n\t\t\t\t<div class=\"elementor-element elementor-element-65c722a elementor-widget elementor-widget-text-editor\" data-id=\"65c722a\" data-element_type=\"widget\" data-widget_type=\"text-editor.default\">\n\t\t\t\t<div class=\"elementor-widget-container\">\n\t\t\t\t\t\t\t\t\t<p><strong>Date :<\/strong> 1998<\/p>\n<p><strong>Direction :<\/strong> Andr\u00e9 Charlet<\/p>\n\t\t\t\t\t\t\t\t<\/div>\n\t\t\t\t<\/div>\n\t\t\t\t<div class=\"elementor-element elementor-element-91477c6 elementor-widget elementor-widget-spacer\" data-id=\"91477c6\" data-element_type=\"widget\" data-widget_type=\"spacer.default\">\n\t\t\t\t<div class=\"elementor-widget-container\">\n\t\t\t\t\t\t\t<div class=\"elementor-spacer\">\n\t\t\t<div class=\"elementor-spacer-inner\"><\/div>\n\t\t<\/div>\n\t\t\t\t\t\t<\/div>\n\t\t\t\t<\/div>\n\t\t\t\t<div class=\"elementor-element elementor-element-f2febae elementor-widget elementor-widget-button\" data-id=\"f2febae\" data-element_type=\"widget\" data-widget_type=\"button.default\">\n\t\t\t\t<div class=\"elementor-widget-container\">\n\t\t\t\t\t\t\t\t\t<div class=\"elementor-button-wrapper\">\n\t\t\t\t\t<a class=\"elementor-button elementor-button-link elementor-size-md\" href=\"https:\/\/choraledubrassus.ch\/en\/discography\/compact-disk-order\/\">\n\t\t\t\t\t\t<span class=\"elementor-button-content-wrapper\">\n\t\t\t\t\t\t\t\t\t<span class=\"elementor-button-text\">Commander<\/span>\n\t\t\t\t\t<\/span>\n\t\t\t\t\t<\/a>\n\t\t\t\t<\/div>\n\t\t\t\t\t\t\t\t<\/div>\n\t\t\t\t<\/div>\n\t\t\t\t\t<\/div>\n\t\t<\/div>\n\t\t\t\t<div class=\"elementor-column elementor-col-50 elementor-top-column elementor-element elementor-element-cc0585f\" data-id=\"cc0585f\" data-element_type=\"column\">\n\t\t\t<div class=\"elementor-widget-wrap elementor-element-populated\">\n\t\t\t\t\t\t<div class=\"elementor-element elementor-element-6df501f elementor-widget elementor-widget-text-editor\" data-id=\"6df501f\" data-element_type=\"widget\" data-widget_type=\"text-editor.default\">\n\t\t\t\t<div class=\"elementor-widget-container\">\n\t\t\t\t\t\t\t\t\t<h3>A propos<\/h3>\n<p><strong>DDD Disques Office DO 65202<\/strong><br \/> Chorale du Brassus; Jeremy MATHEZ et Philippe CONSTANT, cors; Guy-No\u00ebl CONUS et Pascal WIDDER, trombones; Laurent de CEUNINCK, percussions; Corinne CROSET-CAVIN, violoncelle; Jean-Pascal COTTIER, t\u00e9nor I; Yves BUGNON, t\u00e9nor II; Jean-Pascal LAEDERMANN, baryton; Gaston SISTER, basse, dir. A. Charlet<\/p>\n\t\t\t\t\t\t\t\t<\/div>\n\t\t\t\t<\/div>\n\t\t\t\t<div class=\"elementor-element elementor-element-3656d0c elementor-widget elementor-widget-spacer\" data-id=\"3656d0c\" data-element_type=\"widget\" data-widget_type=\"spacer.default\">\n\t\t\t\t<div class=\"elementor-widget-container\">\n\t\t\t\t\t\t\t<div class=\"elementor-spacer\">\n\t\t\t<div class=\"elementor-spacer-inner\"><\/div>\n\t\t<\/div>\n\t\t\t\t\t\t<\/div>\n\t\t\t\t<\/div>\n\t\t\t\t<div class=\"elementor-element elementor-element-019faac elementor-widget elementor-widget-text-editor\" data-id=\"019faac\" data-element_type=\"widget\" data-widget_type=\"text-editor.default\">\n\t\t\t\t<div class=\"elementor-widget-container\">\n\t\t\t\t\t\t\t\t\t<h3>Extraits du CD<\/h3>\n<p><!--[if lt IE 9]><script>document.createElement('audio');<\/script><![endif]-->\n\t<div class=\"wp-playlist wp-audio-playlist wp-playlist-light\">\n\t\t\t<div class=\"wp-playlist-current-item\"><\/div>\n\t\t<audio controls=\"controls\" preload=\"none\" width=\"1178\"\n\t\t\t><\/audio>\n\t<div class=\"wp-playlist-next\"><\/div>\n\t<div class=\"wp-playlist-prev\"><\/div>\n\t<noscript>\n\t<ol>\n\t\t<li><a href='https:\/\/choraledubrassus.ch\/wp-content\/uploads\/louange-4.mp3'>Louange \u00e0 toi, pays<\/a><\/li><li><a href='https:\/\/choraledubrassus.ch\/wp-content\/uploads\/gloria.mp3'>Deutsche Messe D872(Gloria)<\/a><\/li><li><a href='https:\/\/choraledubrassus.ch\/wp-content\/uploads\/agnusdei.mp3'>Deutsche Messe D872 (Agnus Dei)<\/a><\/li><li><a href='https:\/\/choraledubrassus.ch\/wp-content\/uploads\/adspice.mp3'>Adspice Domine (choeur final)<\/a><\/li>\t<\/ol>\n\t<\/noscript>\n\t<script type=\"application\/json\" class=\"wp-playlist-script\">{\"type\":\"audio\",\"tracklist\":true,\"tracknumbers\":true,\"images\":false,\"artists\":true,\"tracks\":[{\"src\":\"https:\\\/\\\/choraledubrassus.ch\\\/wp-content\\\/uploads\\\/louange-4.mp3\",\"type\":\"audio\\\/mpeg\",\"title\":\"Louange \\u00e0 toi, pays\",\"caption\":\"\",\"description\":\"<i>louange<\\\/i>.\",\"meta\":{\"artist\":\"Maurice Budry \\\/ Carlo Boller\",\"length_formatted\":\"1:22\"},\"image\":{\"src\":\"https:\\\/\\\/choraledubrassus.ch\\\/wp-includes\\\/images\\\/media\\\/audio.svg\",\"width\":48,\"height\":64},\"thumb\":{\"src\":\"https:\\\/\\\/choraledubrassus.ch\\\/wp-includes\\\/images\\\/media\\\/audio.svg\",\"width\":48,\"height\":64}},{\"src\":\"https:\\\/\\\/choraledubrassus.ch\\\/wp-content\\\/uploads\\\/gloria.mp3\",\"type\":\"audio\\\/mpeg\",\"title\":\"Deutsche Messe D872(Gloria)\",\"caption\":\"\",\"description\":\"\",\"meta\":{\"artist\":\"Johann-Philipp Neumann \\\/ Franz Schubert\",\"album\":\"150e Chorale du Brassus\"},\"image\":{\"src\":\"https:\\\/\\\/choraledubrassus.ch\\\/wp-includes\\\/images\\\/media\\\/audio.svg\",\"width\":48,\"height\":64},\"thumb\":{\"src\":\"https:\\\/\\\/choraledubrassus.ch\\\/wp-includes\\\/images\\\/media\\\/audio.svg\",\"width\":48,\"height\":64}},{\"src\":\"https:\\\/\\\/choraledubrassus.ch\\\/wp-content\\\/uploads\\\/agnusdei.mp3\",\"type\":\"audio\\\/mpeg\",\"title\":\"Deutsche Messe D872 (Agnus Dei)\",\"caption\":\"\",\"description\":\"\",\"meta\":{\"artist\":\"Johann-Philipp Neumann \\\/ Franz Schubert\",\"album\":\"150e Chorale du Brassus\"},\"image\":{\"src\":\"https:\\\/\\\/choraledubrassus.ch\\\/wp-includes\\\/images\\\/media\\\/audio.svg\",\"width\":48,\"height\":64},\"thumb\":{\"src\":\"https:\\\/\\\/choraledubrassus.ch\\\/wp-includes\\\/images\\\/media\\\/audio.svg\",\"width\":48,\"height\":64}},{\"src\":\"https:\\\/\\\/choraledubrassus.ch\\\/wp-content\\\/uploads\\\/adspice.mp3\",\"type\":\"audio\\\/mpeg\",\"title\":\"Adspice Domine (choeur final)\",\"caption\":\"\",\"description\":\"\",\"meta\":{\"artist\":\"F\\u00e9lix Mendelssohn\",\"album\":\"150e Chorale du Brassus\"},\"image\":{\"src\":\"https:\\\/\\\/choraledubrassus.ch\\\/wp-includes\\\/images\\\/media\\\/audio.svg\",\"width\":48,\"height\":64},\"thumb\":{\"src\":\"https:\\\/\\\/choraledubrassus.ch\\\/wp-includes\\\/images\\\/media\\\/audio.svg\",\"width\":48,\"height\":64}}]}<\/script>\n<\/div>\n\t<\/p>\n\t\t\t\t\t\t\t\t<\/div>\n\t\t\t\t<\/div>\n\t\t\t\t\t<\/div>\n\t\t<\/div>\n\t\t\t\t\t<\/div>\n\t\t<\/section>\n\t\t\t\t<\/div>\n\t\t","protected":false},"excerpt":{"rendered":"<p>150\u00e8me Chorale du Brassus Retour \u00e0 la discographie Date : 1998 Direction : Andr\u00e9 Charlet Commander A propos DDD Disques Office DO 65202 Chorale du Brassus; Jeremy MATHEZ et Philippe CONSTANT, cors; Guy-No\u00ebl CONUS et Pascal WIDDER, trombones; Laurent de CEUNINCK, percussions; Corinne CROSET-CAVIN, violoncelle; Jean-Pascal COTTIER, t\u00e9nor I; Yves BUGNON, t\u00e9nor II; Jean-Pascal LAEDERMANN, [&hellip;]<\/p>\n","protected":false},"author":1,"featured_media":0,"parent":566,"menu_order":0,"comment_status":"closed","ping_status":"closed","template":"","meta":{"_acf_changed":false,"ocean_post_layout":"","ocean_both_sidebars_style":"","ocean_both_sidebars_content_width":0,"ocean_both_sidebars_sidebars_width":0,"ocean_sidebar":"0","ocean_second_sidebar":"0","ocean_disable_margins":"enable","ocean_add_body_class":"","ocean_shortcode_before_top_bar":"","ocean_shortcode_after_top_bar":"","ocean_shortcode_before_header":"","ocean_shortcode_after_header":"","ocean_has_shortcode":"","ocean_shortcode_after_title":"","ocean_shortcode_before_footer_widgets":"","ocean_shortcode_after_footer_widgets":"","ocean_shortcode_before_footer_bottom":"","ocean_shortcode_after_footer_bottom":"","ocean_display_top_bar":"default","ocean_display_header":"default","ocean_header_style":"","ocean_center_header_left_menu":"0","ocean_custom_header_template":"0","ocean_custom_logo":0,"ocean_custom_retina_logo":0,"ocean_custom_logo_max_width":0,"ocean_custom_logo_tablet_max_width":0,"ocean_custom_logo_mobile_max_width":0,"ocean_custom_logo_max_height":0,"ocean_custom_logo_tablet_max_height":0,"ocean_custom_logo_mobile_max_height":0,"ocean_header_custom_menu":"0","ocean_menu_typo_font_family":"","ocean_menu_typo_font_subset":"","ocean_menu_typo_font_size":0,"ocean_menu_typo_font_size_tablet":0,"ocean_menu_typo_font_size_mobile":0,"ocean_menu_typo_font_size_unit":"px","ocean_menu_typo_font_weight":"","ocean_menu_typo_font_weight_tablet":"","ocean_menu_typo_font_weight_mobile":"","ocean_menu_typo_transform":"","ocean_menu_typo_transform_tablet":"","ocean_menu_typo_transform_mobile":"","ocean_menu_typo_line_height":0,"ocean_menu_typo_line_height_tablet":0,"ocean_menu_typo_line_height_mobile":0,"ocean_menu_typo_line_height_unit":"","ocean_menu_typo_spacing":0,"ocean_menu_typo_spacing_tablet":0,"ocean_menu_typo_spacing_mobile":0,"ocean_menu_typo_spacing_unit":"","ocean_menu_link_color":"","ocean_menu_link_color_hover":"","ocean_menu_link_color_active":"","ocean_menu_link_background":"","ocean_menu_link_hover_background":"","ocean_menu_link_active_background":"","ocean_menu_social_links_bg":"","ocean_menu_social_hover_links_bg":"","ocean_menu_social_links_color":"","ocean_menu_social_hover_links_color":"","ocean_disable_title":"default","ocean_disable_heading":"default","ocean_post_title":"","ocean_post_subheading":"","ocean_post_title_style":"","ocean_post_title_background_color":"","ocean_post_title_background":0,"ocean_post_title_bg_image_position":"","ocean_post_title_bg_image_attachment":"","ocean_post_title_bg_image_repeat":"","ocean_post_title_bg_image_size":"","ocean_post_title_height":0,"ocean_post_title_bg_overlay":0.5,"ocean_post_title_bg_overlay_color":"","ocean_disable_breadcrumbs":"default","ocean_breadcrumbs_color":"","ocean_breadcrumbs_separator_color":"","ocean_breadcrumbs_links_color":"","ocean_breadcrumbs_links_hover_color":"","ocean_display_footer_widgets":"default","ocean_display_footer_bottom":"default","ocean_custom_footer_template":"","footnotes":""},"class_list":["post-620","page","type-page","status-publish","hentry","entry"],"acf":[],"yoast_head":"<!-- This site is optimized with the Yoast SEO plugin v25.3.1 - https:\/\/yoast.com\/wordpress\/plugins\/seo\/ -->\n<title>150\u00e8me Chorale du Brassus | Chorale du Brassus<\/title>\n<meta name=\"robots\" content=\"index, follow, max-snippet:-1, max-image-preview:large, max-video-preview:-1\" \/>\n<link rel=\"canonical\" href=\"https:\/\/choraledubrassus.ch\/en\/discography\/150eme-chorale-du-brassus\/\" \/>\n<meta property=\"og:locale\" content=\"en_US\" \/>\n<meta property=\"og:type\" content=\"article\" \/>\n<meta property=\"og:title\" content=\"150\u00e8me Chorale du Brassus | Chorale du Brassus\" \/>\n<meta property=\"og:description\" content=\"150\u00e8me Chorale du Brassus Retour \u00e0 la discographie Date : 1998 Direction : Andr\u00e9 Charlet Commander A propos DDD Disques Office DO 65202 Chorale du Brassus; Jeremy MATHEZ et Philippe CONSTANT, cors; Guy-No\u00ebl CONUS et Pascal WIDDER, trombones; Laurent de CEUNINCK, percussions; Corinne CROSET-CAVIN, violoncelle; Jean-Pascal COTTIER, t\u00e9nor I; Yves BUGNON, t\u00e9nor II; Jean-Pascal LAEDERMANN, [&hellip;]\" \/>\n<meta property=\"og:url\" content=\"https:\/\/choraledubrassus.ch\/en\/discography\/150eme-chorale-du-brassus\/\" \/>\n<meta property=\"og:site_name\" content=\"Chorale du Brassus\" \/>\n<meta property=\"article:publisher\" content=\"https:\/\/www.facebook.com\/ChoraleduBrassus1849\/\" \/>\n<meta property=\"article:modified_time\" content=\"2024-04-11T06:46:42+00:00\" \/>\n<meta property=\"og:image\" content=\"https:\/\/choraledubrassus.ch\/wp-content\/uploads\/150e_HD.jpg\" \/>\n<meta name=\"twitter:card\" content=\"summary_large_image\" \/>\n<script type=\"application\/ld+json\" class=\"yoast-schema-graph\">{\"@context\":\"https:\/\/schema.org\",\"@graph\":[{\"@type\":\"WebPage\",\"@id\":\"https:\/\/choraledubrassus.ch\/en\/discography\/150eme-chorale-du-brassus\/\",\"url\":\"https:\/\/choraledubrassus.ch\/en\/discography\/150eme-chorale-du-brassus\/\",\"name\":\"150\u00e8me Chorale du Brassus | Chorale du Brassus\",\"isPartOf\":{\"@id\":\"https:\/\/choraledubrassus.ch\/#website\"},\"primaryImageOfPage\":{\"@id\":\"https:\/\/choraledubrassus.ch\/en\/discography\/150eme-chorale-du-brassus\/#primaryimage\"},\"image\":{\"@id\":\"https:\/\/choraledubrassus.ch\/en\/discography\/150eme-chorale-du-brassus\/#primaryimage\"},\"thumbnailUrl\":\"https:\/\/choraledubrassus.ch\/wp-content\/uploads\/150e_HD.jpg\",\"datePublished\":\"2018-03-06T11:01:26+00:00\",\"dateModified\":\"2024-04-11T06:46:42+00:00\",\"breadcrumb\":{\"@id\":\"https:\/\/choraledubrassus.ch\/en\/discography\/150eme-chorale-du-brassus\/#breadcrumb\"},\"inLanguage\":\"en-US\",\"potentialAction\":[{\"@type\":\"ReadAction\",\"target\":[\"https:\/\/choraledubrassus.ch\/en\/discography\/150eme-chorale-du-brassus\/\"]}]},{\"@type\":\"ImageObject\",\"inLanguage\":\"en-US\",\"@id\":\"https:\/\/choraledubrassus.ch\/en\/discography\/150eme-chorale-du-brassus\/#primaryimage\",\"url\":\"https:\/\/choraledubrassus.ch\/wp-content\/uploads\/150e_HD.jpg\",\"contentUrl\":\"https:\/\/choraledubrassus.ch\/wp-content\/uploads\/150e_HD.jpg\"},{\"@type\":\"BreadcrumbList\",\"@id\":\"https:\/\/choraledubrassus.ch\/en\/discography\/150eme-chorale-du-brassus\/#breadcrumb\",\"itemListElement\":[{\"@type\":\"ListItem\",\"position\":1,\"name\":\"Accueil\",\"item\":\"https:\/\/choraledubrassus.ch\/en\/\"},{\"@type\":\"ListItem\",\"position\":2,\"name\":\"Discography\",\"item\":\"https:\/\/choraledubrassus.ch\/en\/discography\/\"},{\"@type\":\"ListItem\",\"position\":3,\"name\":\"150\u00e8me Chorale du Brassus\"}]},{\"@type\":\"WebSite\",\"@id\":\"https:\/\/choraledubrassus.ch\/#website\",\"url\":\"https:\/\/choraledubrassus.ch\/\",\"name\":\"Chorale du Brassus\",\"description\":\"Choeur d&#039;hommes, M\u00e4nnerchor, Swiss Male Voice Choir, more than 150 years old\",\"publisher\":{\"@id\":\"https:\/\/choraledubrassus.ch\/#organization\"},\"potentialAction\":[{\"@type\":\"SearchAction\",\"target\":{\"@type\":\"EntryPoint\",\"urlTemplate\":\"https:\/\/choraledubrassus.ch\/?s={search_term_string}\"},\"query-input\":{\"@type\":\"PropertyValueSpecification\",\"valueRequired\":true,\"valueName\":\"search_term_string\"}}],\"inLanguage\":\"en-US\"},{\"@type\":\"Organization\",\"@id\":\"https:\/\/choraledubrassus.ch\/#organization\",\"name\":\"Chorale du Brassus\",\"url\":\"https:\/\/choraledubrassus.ch\/\",\"logo\":{\"@type\":\"ImageObject\",\"inLanguage\":\"en-US\",\"@id\":\"https:\/\/choraledubrassus.ch\/#\/schema\/logo\/image\/\",\"url\":\"https:\/\/choraledubrassus.ch\/wp-content\/uploads\/2018\/02\/ChoraleduBrassus_logo_retina.png\",\"contentUrl\":\"https:\/\/choraledubrassus.ch\/wp-content\/uploads\/2018\/02\/ChoraleduBrassus_logo_retina.png\",\"width\":560,\"height\":98,\"caption\":\"Chorale du Brassus\"},\"image\":{\"@id\":\"https:\/\/choraledubrassus.ch\/#\/schema\/logo\/image\/\"},\"sameAs\":[\"https:\/\/www.facebook.com\/ChoraleduBrassus1849\/\"]}]}<\/script>\n<!-- \/ Yoast SEO plugin. -->","yoast_head_json":{"title":"150\u00e8me Chorale du Brassus | Chorale du Brassus","robots":{"index":"index","follow":"follow","max-snippet":"max-snippet:-1","max-image-preview":"max-image-preview:large","max-video-preview":"max-video-preview:-1"},"canonical":"https:\/\/choraledubrassus.ch\/en\/discography\/150eme-chorale-du-brassus\/","og_locale":"en_US","og_type":"article","og_title":"150\u00e8me Chorale du Brassus | Chorale du Brassus","og_description":"150\u00e8me Chorale du Brassus Retour \u00e0 la discographie Date : 1998 Direction : Andr\u00e9 Charlet Commander A propos DDD Disques Office DO 65202 Chorale du Brassus; Jeremy MATHEZ et Philippe CONSTANT, cors; Guy-No\u00ebl CONUS et Pascal WIDDER, trombones; Laurent de CEUNINCK, percussions; Corinne CROSET-CAVIN, violoncelle; Jean-Pascal COTTIER, t\u00e9nor I; Yves BUGNON, t\u00e9nor II; Jean-Pascal LAEDERMANN, [&hellip;]","og_url":"https:\/\/choraledubrassus.ch\/en\/discography\/150eme-chorale-du-brassus\/","og_site_name":"Chorale du Brassus","article_publisher":"https:\/\/www.facebook.com\/ChoraleduBrassus1849\/","article_modified_time":"2024-04-11T06:46:42+00:00","og_image":[{"url":"https:\/\/choraledubrassus.ch\/wp-content\/uploads\/150e_HD.jpg","type":"","width":"","height":""}],"twitter_card":"summary_large_image","schema":{"@context":"https:\/\/schema.org","@graph":[{"@type":"WebPage","@id":"https:\/\/choraledubrassus.ch\/en\/discography\/150eme-chorale-du-brassus\/","url":"https:\/\/choraledubrassus.ch\/en\/discography\/150eme-chorale-du-brassus\/","name":"150\u00e8me Chorale du Brassus | Chorale du Brassus","isPartOf":{"@id":"https:\/\/choraledubrassus.ch\/#website"},"primaryImageOfPage":{"@id":"https:\/\/choraledubrassus.ch\/en\/discography\/150eme-chorale-du-brassus\/#primaryimage"},"image":{"@id":"https:\/\/choraledubrassus.ch\/en\/discography\/150eme-chorale-du-brassus\/#primaryimage"},"thumbnailUrl":"https:\/\/choraledubrassus.ch\/wp-content\/uploads\/150e_HD.jpg","datePublished":"2018-03-06T11:01:26+00:00","dateModified":"2024-04-11T06:46:42+00:00","breadcrumb":{"@id":"https:\/\/choraledubrassus.ch\/en\/discography\/150eme-chorale-du-brassus\/#breadcrumb"},"inLanguage":"en-US","potentialAction":[{"@type":"ReadAction","target":["https:\/\/choraledubrassus.ch\/en\/discography\/150eme-chorale-du-brassus\/"]}]},{"@type":"ImageObject","inLanguage":"en-US","@id":"https:\/\/choraledubrassus.ch\/en\/discography\/150eme-chorale-du-brassus\/#primaryimage","url":"https:\/\/choraledubrassus.ch\/wp-content\/uploads\/150e_HD.jpg","contentUrl":"https:\/\/choraledubrassus.ch\/wp-content\/uploads\/150e_HD.jpg"},{"@type":"BreadcrumbList","@id":"https:\/\/choraledubrassus.ch\/en\/discography\/150eme-chorale-du-brassus\/#breadcrumb","itemListElement":[{"@type":"ListItem","position":1,"name":"Accueil","item":"https:\/\/choraledubrassus.ch\/en\/"},{"@type":"ListItem","position":2,"name":"Discography","item":"https:\/\/choraledubrassus.ch\/en\/discography\/"},{"@type":"ListItem","position":3,"name":"150\u00e8me Chorale du Brassus"}]},{"@type":"WebSite","@id":"https:\/\/choraledubrassus.ch\/#website","url":"https:\/\/choraledubrassus.ch\/","name":"Chorale du Brassus","description":"Choeur d&#039;hommes, M\u00e4nnerchor, Swiss Male Voice Choir, more than 150 years old","publisher":{"@id":"https:\/\/choraledubrassus.ch\/#organization"},"potentialAction":[{"@type":"SearchAction","target":{"@type":"EntryPoint","urlTemplate":"https:\/\/choraledubrassus.ch\/?s={search_term_string}"},"query-input":{"@type":"PropertyValueSpecification","valueRequired":true,"valueName":"search_term_string"}}],"inLanguage":"en-US"},{"@type":"Organization","@id":"https:\/\/choraledubrassus.ch\/#organization","name":"Chorale du Brassus","url":"https:\/\/choraledubrassus.ch\/","logo":{"@type":"ImageObject","inLanguage":"en-US","@id":"https:\/\/choraledubrassus.ch\/#\/schema\/logo\/image\/","url":"https:\/\/choraledubrassus.ch\/wp-content\/uploads\/2018\/02\/ChoraleduBrassus_logo_retina.png","contentUrl":"https:\/\/choraledubrassus.ch\/wp-content\/uploads\/2018\/02\/ChoraleduBrassus_logo_retina.png","width":560,"height":98,"caption":"Chorale du Brassus"},"image":{"@id":"https:\/\/choraledubrassus.ch\/#\/schema\/logo\/image\/"},"sameAs":["https:\/\/www.facebook.com\/ChoraleduBrassus1849\/"]}]}},"_links":{"self":[{"href":"https:\/\/choraledubrassus.ch\/en\/wp-json\/wp\/v2\/pages\/620","targetHints":{"allow":["GET"]}}],"collection":[{"href":"https:\/\/choraledubrassus.ch\/en\/wp-json\/wp\/v2\/pages"}],"about":[{"href":"https:\/\/choraledubrassus.ch\/en\/wp-json\/wp\/v2\/types\/page"}],"author":[{"embeddable":true,"href":"https:\/\/choraledubrassus.ch\/en\/wp-json\/wp\/v2\/users\/1"}],"replies":[{"embeddable":true,"href":"https:\/\/choraledubrassus.ch\/en\/wp-json\/wp\/v2\/comments?post=620"}],"version-history":[{"count":3,"href":"https:\/\/choraledubrassus.ch\/en\/wp-json\/wp\/v2\/pages\/620\/revisions"}],"predecessor-version":[{"id":1919,"href":"https:\/\/choraledubrassus.ch\/en\/wp-json\/wp\/v2\/pages\/620\/revisions\/1919"}],"up":[{"embeddable":true,"href":"https:\/\/choraledubrassus.ch\/en\/wp-json\/wp\/v2\/pages\/566"}],"wp:attachment":[{"href":"https:\/\/choraledubrassus.ch\/en\/wp-json\/wp\/v2\/media?parent=620"}],"curies":[{"name":"wp","href":"https:\/\/api.w.org\/{rel}","templated":true}]}}