{"id":693,"date":"2018-04-06T17:06:10","date_gmt":"2018-04-06T15:06:10","guid":{"rendered":"https:\/\/choraledubrassus.ch\/dis%c2%adko%c2%adgra%c2%adfie\/linstant-du-bonheur-il-est-un-chant\/"},"modified":"2018-06-06T15:28:14","modified_gmt":"2018-06-06T13:28:14","slug":"linstant-du-bonheur-il-est-un-chant","status":"publish","type":"page","link":"https:\/\/choraledubrassus.ch\/de\/diskografie\/linstant-du-bonheur-il-est-un-chant\/","title":{"rendered":"L&#8217;instant du bonheur &#038; Il est un chant"},"content":{"rendered":"\t\t<div data-elementor-type=\"wp-post\" data-elementor-id=\"693\" class=\"elementor elementor-693 elementor-535 elementor-bc-flex-widget\" data-elementor-post-type=\"page\">\n\t\t\t\t\t\t<section class=\"elementor-section elementor-top-section elementor-element elementor-element-572752bc elementor-section-stretched elementor-section-full_width elementor-section-content-bottom elementor-section-height-default elementor-section-height-default\" data-id=\"572752bc\" data-element_type=\"section\" data-settings=\"{&quot;stretch_section&quot;:&quot;section-stretched&quot;,&quot;background_background&quot;:&quot;classic&quot;}\">\n\t\t\t\t\t\t\t<div class=\"elementor-background-overlay\"><\/div>\n\t\t\t\t\t\t\t<div class=\"elementor-container elementor-column-gap-default\">\n\t\t\t\t\t<div class=\"elementor-column elementor-col-100 elementor-top-column elementor-element elementor-element-16f81695\" data-id=\"16f81695\" data-element_type=\"column\">\n\t\t\t<div class=\"elementor-widget-wrap elementor-element-populated\">\n\t\t\t\t\t\t<div class=\"elementor-element elementor-element-68af64b1 elementor-widget elementor-widget-shortcode\" data-id=\"68af64b1\" data-element_type=\"widget\" data-widget_type=\"shortcode.default\">\n\t\t\t\t<div class=\"elementor-widget-container\">\n\t\t\t\t\t\t\t<div class=\"elementor-shortcode\"><span class=\"oceanwp-breadcrumb\"><nav role=\"navigation\" aria-label=\"Brotkr\u00fcmelnavigation\" class=\"site-breadcrumbs clr position-\"><ol class=\"trail-items\" ><meta name=\"numberOfItems\" content=\"1\" \/><meta name=\"itemListOrder\" content=\"Ascending\" \/><li class=\"trail-item trail-end\" ><span itemprop=\"name\"><a href=\"https:\/\/choraledubrassus.ch\/de\/\" rel=\"home\" aria-label=\"Startseite\"><i class=\" icon-home\" aria-hidden=\"true\" role=\"img\"><\/i><span class=\"breadcrumb-home has-icon\">Startseite<\/span><\/a><\/span><meta itemprop=\"position\" content=\"1\" \/><\/li><\/ol><\/nav><\/span><\/div>\n\t\t\t\t\t\t<\/div>\n\t\t\t\t<\/div>\n\t\t\t\t<div class=\"elementor-element elementor-element-5f0772d7 elementor-widget elementor-widget-heading\" data-id=\"5f0772d7\" data-element_type=\"widget\" data-widget_type=\"heading.default\">\n\t\t\t\t<div class=\"elementor-widget-container\">\n\t\t\t\t\t<h1 class=\"elementor-heading-title elementor-size-default\">L'instant du bonheur &amp; Il est un chant<\/h1>\t\t\t\t<\/div>\n\t\t\t\t<\/div>\n\t\t\t\t\t<\/div>\n\t\t<\/div>\n\t\t\t\t\t<\/div>\n\t\t<\/section>\n\t\t\t\t<section class=\"elementor-section elementor-top-section elementor-element elementor-element-559deee4 elementor-section-boxed elementor-section-height-default elementor-section-height-default\" data-id=\"559deee4\" data-element_type=\"section\">\n\t\t\t\t\t\t<div class=\"elementor-container elementor-column-gap-default\">\n\t\t\t\t\t<div class=\"elementor-column elementor-col-100 elementor-top-column elementor-element elementor-element-5991ab9b\" data-id=\"5991ab9b\" data-element_type=\"column\">\n\t\t\t<div class=\"elementor-widget-wrap elementor-element-populated\">\n\t\t\t\t\t\t<div class=\"elementor-element elementor-element-15dadea4 elementor-icon-list--layout-traditional elementor-list-item-link-full_width elementor-widget elementor-widget-icon-list\" data-id=\"15dadea4\" data-element_type=\"widget\" data-widget_type=\"icon-list.default\">\n\t\t\t\t<div class=\"elementor-widget-container\">\n\t\t\t\t\t\t\t<ul class=\"elementor-icon-list-items\">\n\t\t\t\t\t\t\t<li class=\"elementor-icon-list-item\">\n\t\t\t\t\t\t\t\t\t\t\t<a href=\"https:\/\/choraledubrassus.ch\/de\/dis%C2%ADko%C2%ADgra%C2%ADfie\/\">\n\n\t\t\t\t\t\t\t\t\t\t\t\t<span class=\"elementor-icon-list-icon\">\n\t\t\t\t\t\t\t\t\t\t\t\t\t\t\t\t<i class=\"fa fa-chevron-left\" aria-hidden=\"true\"><\/i>\n\t\t\t\t\t\t\t\t\t\t\t\t\t<\/span>\n\t\t\t\t\t\t\t\t\t\t<span class=\"elementor-icon-list-text\">Zur\u00fcck zur CD-\u00dcbersicht<\/span>\n\t\t\t\t\t\t\t\t\t\t\t<\/a>\n\t\t\t\t\t\t\t\t\t<\/li>\n\t\t\t\t\t\t<\/ul>\n\t\t\t\t\t\t<\/div>\n\t\t\t\t<\/div>\n\t\t\t\t\t<\/div>\n\t\t<\/div>\n\t\t\t\t\t<\/div>\n\t\t<\/section>\n\t\t\t\t<section class=\"elementor-section elementor-top-section elementor-element elementor-element-76d0059f elementor-section-boxed elementor-section-height-default elementor-section-height-default\" data-id=\"76d0059f\" data-element_type=\"section\">\n\t\t\t\t\t\t<div class=\"elementor-container elementor-column-gap-default\">\n\t\t\t\t\t<div class=\"elementor-column elementor-col-50 elementor-top-column elementor-element elementor-element-4b3d85b9\" data-id=\"4b3d85b9\" data-element_type=\"column\">\n\t\t\t<div class=\"elementor-widget-wrap elementor-element-populated\">\n\t\t\t\t\t\t<div class=\"elementor-element elementor-element-69ac8fc6 elementor-widget elementor-widget-image\" data-id=\"69ac8fc6\" data-element_type=\"widget\" data-widget_type=\"image.default\">\n\t\t\t\t<div class=\"elementor-widget-container\">\n\t\t\t\t\t\t\t\t\t\t\t\t\t\t\t<img fetchpriority=\"high\" decoding=\"async\" width=\"250\" height=\"246\" src=\"https:\/\/choraledubrassus.ch\/wp-content\/uploads\/instantdubonheur_HD.jpg\" class=\"attachment-large size-large wp-image-322\" alt=\"\" \/>\t\t\t\t\t\t\t\t\t\t\t\t\t\t\t<\/div>\n\t\t\t\t<\/div>\n\t\t\t\t<div class=\"elementor-element elementor-element-2f69e477 elementor-widget elementor-widget-text-editor\" data-id=\"2f69e477\" data-element_type=\"widget\" data-widget_type=\"text-editor.default\">\n\t\t\t\t<div class=\"elementor-widget-container\">\n\t\t\t\t\t\t\t\t\t<p><strong>Datum :<\/strong> 1989<\/p><p><strong>Dirigentin :<\/strong> Andr\u00e9 Charlet<\/p>\t\t\t\t\t\t\t\t<\/div>\n\t\t\t\t<\/div>\n\t\t\t\t<div class=\"elementor-element elementor-element-5b51b21d elementor-widget elementor-widget-button\" data-id=\"5b51b21d\" data-element_type=\"widget\" data-widget_type=\"button.default\">\n\t\t\t\t<div class=\"elementor-widget-container\">\n\t\t\t\t\t\t\t\t\t<div class=\"elementor-button-wrapper\">\n\t\t\t\t\t<a class=\"elementor-button elementor-button-link elementor-size-md\" href=\"https:\/\/choraledubrassus.ch\/de\/dis%C2%ADko%C2%ADgra%C2%ADfie\/cd-bestellung\/\">\n\t\t\t\t\t\t<span class=\"elementor-button-content-wrapper\">\n\t\t\t\t\t\t\t\t\t<span class=\"elementor-button-text\">Bestellen<\/span>\n\t\t\t\t\t<\/span>\n\t\t\t\t\t<\/a>\n\t\t\t\t<\/div>\n\t\t\t\t\t\t\t\t<\/div>\n\t\t\t\t<\/div>\n\t\t\t\t\t<\/div>\n\t\t<\/div>\n\t\t\t\t<div class=\"elementor-column elementor-col-50 elementor-top-column elementor-element elementor-element-18fe5c59\" data-id=\"18fe5c59\" data-element_type=\"column\">\n\t\t\t<div class=\"elementor-widget-wrap elementor-element-populated\">\n\t\t\t\t\t\t<div class=\"elementor-element elementor-element-63b977f elementor-widget elementor-widget-text-editor\" data-id=\"63b977f\" data-element_type=\"widget\" data-widget_type=\"text-editor.default\">\n\t\t\t\t<div class=\"elementor-widget-container\">\n\t\t\t\t\t\t\t\t\t<h3>Wegen<\/h3><p><strong>AAD Disques Office DO 65051<\/strong><\/p>\t\t\t\t\t\t\t\t<\/div>\n\t\t\t\t<\/div>\n\t\t\t\t<div class=\"elementor-element elementor-element-699b4fc7 elementor-widget elementor-widget-spacer\" data-id=\"699b4fc7\" data-element_type=\"widget\" data-widget_type=\"spacer.default\">\n\t\t\t\t<div class=\"elementor-widget-container\">\n\t\t\t\t\t\t\t<div class=\"elementor-spacer\">\n\t\t\t<div class=\"elementor-spacer-inner\"><\/div>\n\t\t<\/div>\n\t\t\t\t\t\t<\/div>\n\t\t\t\t<\/div>\n\t\t\t\t<div class=\"elementor-element elementor-element-2532fd37 elementor-widget elementor-widget-text-editor\" data-id=\"2532fd37\" data-element_type=\"widget\" data-widget_type=\"text-editor.default\">\n\t\t\t\t<div class=\"elementor-widget-container\">\n\t\t\t\t\t\t\t\t\t<h3>Ausz\u00fcge aus der CD<\/h3><p><!--[if lt IE 9]><script>document.createElement('audio');<\/script><![endif]-->\n\t<div class=\"wp-playlist wp-audio-playlist wp-playlist-light\">\n\t\t\t<div class=\"wp-playlist-current-item\"><\/div>\n\t\t<audio controls=\"controls\" preload=\"none\" width=\"1178\"\n\t\t\t><\/audio>\n\t<div class=\"wp-playlist-next\"><\/div>\n\t<div class=\"wp-playlist-prev\"><\/div>\n\t<noscript>\n\t<ol>\n\t\t<li><a href='https:\/\/choraledubrassus.ch\/wp-content\/uploads\/GaudeMatter.mp3'>Gaude Matter Polonia<\/a><\/li><li><a href='https:\/\/choraledubrassus.ch\/wp-content\/uploads\/priererutli.mp3'>Pri\u00e8re du R\u00fctli<\/a><\/li><li><a href='https:\/\/choraledubrassus.ch\/wp-content\/uploads\/gardegrisonne.mp3'>La garde grisonne<\/a><\/li><li><a href='https:\/\/choraledubrassus.ch\/wp-content\/uploads\/ChansonPressoir.mp3'>Chanson du Pressoir<\/a><\/li><li><a href='https:\/\/choraledubrassus.ch\/wp-content\/uploads\/Septembre.mp3'>Septembre<\/a><\/li>\t<\/ol>\n\t<\/noscript>\n\t<script type=\"application\/json\" class=\"wp-playlist-script\">{\"type\":\"audio\",\"tracklist\":true,\"tracknumbers\":true,\"images\":true,\"artists\":true,\"tracks\":[{\"src\":\"https:\\\/\\\/choraledubrassus.ch\\\/wp-content\\\/uploads\\\/GaudeMatter.mp3\",\"type\":\"audio\\\/mpeg\",\"title\":\"Gaude Matter Polonia\",\"caption\":\"\",\"description\":\"<i>GaudeMatter<\\\/i>.\",\"meta\":{\"artist\":\"G.-G. Gorczycki\",\"length_formatted\":\"2:52\"},\"image\":{\"src\":\"https:\\\/\\\/choraledubrassus.ch\\\/wp-includes\\\/images\\\/media\\\/audio.svg\",\"width\":48,\"height\":64},\"thumb\":{\"src\":\"https:\\\/\\\/choraledubrassus.ch\\\/wp-includes\\\/images\\\/media\\\/audio.svg\",\"width\":48,\"height\":64}},{\"src\":\"https:\\\/\\\/choraledubrassus.ch\\\/wp-content\\\/uploads\\\/priererutli.mp3\",\"type\":\"audio\\\/mpeg\",\"title\":\"Pri\\u00e8re du R\\u00fctli\",\"caption\":\"\",\"description\":\"<i>priererutli<\\\/i>.\",\"meta\":{\"artist\":\"R. Morax \\\/ G. Doret\",\"length_formatted\":\"3:03\"},\"image\":{\"src\":\"https:\\\/\\\/choraledubrassus.ch\\\/wp-includes\\\/images\\\/media\\\/audio.svg\",\"width\":48,\"height\":64},\"thumb\":{\"src\":\"https:\\\/\\\/choraledubrassus.ch\\\/wp-includes\\\/images\\\/media\\\/audio.svg\",\"width\":48,\"height\":64}},{\"src\":\"https:\\\/\\\/choraledubrassus.ch\\\/wp-content\\\/uploads\\\/gardegrisonne.mp3\",\"type\":\"audio\\\/mpeg\",\"title\":\"La garde grisonne\",\"caption\":\"\",\"description\":\"<i>gardegrisonne<\\\/i>.\",\"meta\":{\"artist\":\"J. Bovet \\\/ R. Cantieni\",\"length_formatted\":\"1:40\"},\"image\":{\"src\":\"https:\\\/\\\/choraledubrassus.ch\\\/wp-includes\\\/images\\\/media\\\/audio.svg\",\"width\":48,\"height\":64},\"thumb\":{\"src\":\"https:\\\/\\\/choraledubrassus.ch\\\/wp-includes\\\/images\\\/media\\\/audio.svg\",\"width\":48,\"height\":64}},{\"src\":\"https:\\\/\\\/choraledubrassus.ch\\\/wp-content\\\/uploads\\\/ChansonPressoir.mp3\",\"type\":\"audio\\\/mpeg\",\"title\":\"Chanson du Pressoir\",\"caption\":\"\",\"description\":\"<i>ChansonPressoir<\\\/i>.\",\"meta\":{\"artist\":\"Carlo Hemmerling\",\"length_formatted\":\"2:26\"},\"image\":{\"src\":\"https:\\\/\\\/choraledubrassus.ch\\\/wp-includes\\\/images\\\/media\\\/audio.svg\",\"width\":48,\"height\":64},\"thumb\":{\"src\":\"https:\\\/\\\/choraledubrassus.ch\\\/wp-includes\\\/images\\\/media\\\/audio.svg\",\"width\":48,\"height\":64}},{\"src\":\"https:\\\/\\\/choraledubrassus.ch\\\/wp-content\\\/uploads\\\/Septembre.mp3\",\"type\":\"audio\\\/mpeg\",\"title\":\"Septembre\",\"caption\":\"\",\"description\":\"<i>Septembre<\\\/i>.\",\"meta\":{\"artist\":\"M. Hostettler\",\"length_formatted\":\"3:15\"},\"image\":{\"src\":\"https:\\\/\\\/choraledubrassus.ch\\\/wp-includes\\\/images\\\/media\\\/audio.svg\",\"width\":48,\"height\":64},\"thumb\":{\"src\":\"https:\\\/\\\/choraledubrassus.ch\\\/wp-includes\\\/images\\\/media\\\/audio.svg\",\"width\":48,\"height\":64}}]}<\/script>\n<\/div>\n\t<\/p>\t\t\t\t\t\t\t\t<\/div>\n\t\t\t\t<\/div>\n\t\t\t\t\t<\/div>\n\t\t<\/div>\n\t\t\t\t\t<\/div>\n\t\t<\/section>\n\t\t\t\t<\/div>\n\t\t","protected":false},"excerpt":{"rendered":"<p>L&#8217;instant du bonheur &#038; Il est un chant Zur\u00fcck zur CD-\u00dcbersicht Datum : 1989 Dirigentin : Andr\u00e9 Charlet Bestellen Wegen AAD Disques Office DO 65051 Ausz\u00fcge aus der CD<\/p>\n","protected":false},"author":1,"featured_media":0,"parent":616,"menu_order":0,"comment_status":"closed","ping_status":"closed","template":"","meta":{"_acf_changed":false,"ocean_post_layout":"","ocean_both_sidebars_style":"","ocean_both_sidebars_content_width":0,"ocean_both_sidebars_sidebars_width":0,"ocean_sidebar":"0","ocean_second_sidebar":"0","ocean_disable_margins":"enable","ocean_add_body_class":"","ocean_shortcode_before_top_bar":"","ocean_shortcode_after_top_bar":"","ocean_shortcode_before_header":"","ocean_shortcode_after_header":"","ocean_has_shortcode":"","ocean_shortcode_after_title":"","ocean_shortcode_before_footer_widgets":"","ocean_shortcode_after_footer_widgets":"","ocean_shortcode_before_footer_bottom":"","ocean_shortcode_after_footer_bottom":"","ocean_display_top_bar":"default","ocean_display_header":"default","ocean_header_style":"","ocean_center_header_left_menu":"0","ocean_custom_header_template":"0","ocean_custom_logo":0,"ocean_custom_retina_logo":0,"ocean_custom_logo_max_width":0,"ocean_custom_logo_tablet_max_width":0,"ocean_custom_logo_mobile_max_width":0,"ocean_custom_logo_max_height":0,"ocean_custom_logo_tablet_max_height":0,"ocean_custom_logo_mobile_max_height":0,"ocean_header_custom_menu":"0","ocean_menu_typo_font_family":"","ocean_menu_typo_font_subset":"","ocean_menu_typo_font_size":0,"ocean_menu_typo_font_size_tablet":0,"ocean_menu_typo_font_size_mobile":0,"ocean_menu_typo_font_size_unit":"px","ocean_menu_typo_font_weight":"","ocean_menu_typo_font_weight_tablet":"","ocean_menu_typo_font_weight_mobile":"","ocean_menu_typo_transform":"","ocean_menu_typo_transform_tablet":"","ocean_menu_typo_transform_mobile":"","ocean_menu_typo_line_height":0,"ocean_menu_typo_line_height_tablet":0,"ocean_menu_typo_line_height_mobile":0,"ocean_menu_typo_line_height_unit":"","ocean_menu_typo_spacing":0,"ocean_menu_typo_spacing_tablet":0,"ocean_menu_typo_spacing_mobile":0,"ocean_menu_typo_spacing_unit":"","ocean_menu_link_color":"","ocean_menu_link_color_hover":"","ocean_menu_link_color_active":"","ocean_menu_link_background":"","ocean_menu_link_hover_background":"","ocean_menu_link_active_background":"","ocean_menu_social_links_bg":"","ocean_menu_social_hover_links_bg":"","ocean_menu_social_links_color":"","ocean_menu_social_hover_links_color":"","ocean_disable_title":"default","ocean_disable_heading":"default","ocean_post_title":"","ocean_post_subheading":"","ocean_post_title_style":"","ocean_post_title_background_color":"","ocean_post_title_background":0,"ocean_post_title_bg_image_position":"","ocean_post_title_bg_image_attachment":"","ocean_post_title_bg_image_repeat":"","ocean_post_title_bg_image_size":"","ocean_post_title_height":0,"ocean_post_title_bg_overlay":0.5,"ocean_post_title_bg_overlay_color":"","ocean_disable_breadcrumbs":"default","ocean_breadcrumbs_color":"","ocean_breadcrumbs_separator_color":"","ocean_breadcrumbs_links_color":"","ocean_breadcrumbs_links_hover_color":"","ocean_display_footer_widgets":"default","ocean_display_footer_bottom":"default","ocean_custom_footer_template":"","footnotes":""},"class_list":["post-693","page","type-page","status-publish","hentry","entry"],"acf":[],"yoast_head":"<!-- This site is optimized with the Yoast SEO plugin v25.3.1 - https:\/\/yoast.com\/wordpress\/plugins\/seo\/ -->\n<title>L&#039;instant du bonheur &amp; Il est un chant | Chorale du Brassus<\/title>\n<meta name=\"robots\" content=\"index, follow, max-snippet:-1, max-image-preview:large, max-video-preview:-1\" \/>\n<link rel=\"canonical\" href=\"https:\/\/choraledubrassus.ch\/de\/diskografie\/linstant-du-bonheur-il-est-un-chant\/\" \/>\n<meta property=\"og:locale\" content=\"de_DE\" \/>\n<meta property=\"og:type\" content=\"article\" \/>\n<meta property=\"og:title\" content=\"L&#039;instant du bonheur &amp; Il est un chant | Chorale du Brassus\" \/>\n<meta property=\"og:description\" content=\"L&#8217;instant du bonheur &#038; Il est un chant Zur\u00fcck zur CD-\u00dcbersicht Datum : 1989 Dirigentin : Andr\u00e9 Charlet Bestellen Wegen AAD Disques Office DO 65051 Ausz\u00fcge aus der CD\" \/>\n<meta property=\"og:url\" content=\"https:\/\/choraledubrassus.ch\/de\/diskografie\/linstant-du-bonheur-il-est-un-chant\/\" \/>\n<meta property=\"og:site_name\" content=\"Chorale du Brassus\" \/>\n<meta property=\"article:publisher\" content=\"https:\/\/www.facebook.com\/ChoraleduBrassus1849\/\" \/>\n<meta property=\"article:modified_time\" content=\"2018-06-06T13:28:14+00:00\" \/>\n<meta property=\"og:image\" content=\"https:\/\/choraledubrassus.ch\/wp-content\/uploads\/instantdubonheur_HD.jpg\" \/>\n<meta name=\"twitter:card\" content=\"summary_large_image\" \/>\n<script type=\"application\/ld+json\" class=\"yoast-schema-graph\">{\"@context\":\"https:\/\/schema.org\",\"@graph\":[{\"@type\":\"WebPage\",\"@id\":\"https:\/\/choraledubrassus.ch\/de\/diskografie\/linstant-du-bonheur-il-est-un-chant\/\",\"url\":\"https:\/\/choraledubrassus.ch\/de\/diskografie\/linstant-du-bonheur-il-est-un-chant\/\",\"name\":\"L'instant du bonheur & Il est un chant | Chorale du Brassus\",\"isPartOf\":{\"@id\":\"https:\/\/choraledubrassus.ch\/#website\"},\"primaryImageOfPage\":{\"@id\":\"https:\/\/choraledubrassus.ch\/de\/diskografie\/linstant-du-bonheur-il-est-un-chant\/#primaryimage\"},\"image\":{\"@id\":\"https:\/\/choraledubrassus.ch\/de\/diskografie\/linstant-du-bonheur-il-est-un-chant\/#primaryimage\"},\"thumbnailUrl\":\"https:\/\/choraledubrassus.ch\/wp-content\/uploads\/instantdubonheur_HD.jpg\",\"datePublished\":\"2018-04-06T15:06:10+00:00\",\"dateModified\":\"2018-06-06T13:28:14+00:00\",\"breadcrumb\":{\"@id\":\"https:\/\/choraledubrassus.ch\/de\/diskografie\/linstant-du-bonheur-il-est-un-chant\/#breadcrumb\"},\"inLanguage\":\"de\",\"potentialAction\":[{\"@type\":\"ReadAction\",\"target\":[\"https:\/\/choraledubrassus.ch\/de\/diskografie\/linstant-du-bonheur-il-est-un-chant\/\"]}]},{\"@type\":\"ImageObject\",\"inLanguage\":\"de\",\"@id\":\"https:\/\/choraledubrassus.ch\/de\/diskografie\/linstant-du-bonheur-il-est-un-chant\/#primaryimage\",\"url\":\"https:\/\/choraledubrassus.ch\/wp-content\/uploads\/instantdubonheur_HD.jpg\",\"contentUrl\":\"https:\/\/choraledubrassus.ch\/wp-content\/uploads\/instantdubonheur_HD.jpg\"},{\"@type\":\"BreadcrumbList\",\"@id\":\"https:\/\/choraledubrassus.ch\/de\/diskografie\/linstant-du-bonheur-il-est-un-chant\/#breadcrumb\",\"itemListElement\":[{\"@type\":\"ListItem\",\"position\":1,\"name\":\"Accueil\",\"item\":\"https:\/\/choraledubrassus.ch\/de\/\"},{\"@type\":\"ListItem\",\"position\":2,\"name\":\"Dis\u00adko\u00adgra\u00adfie\",\"item\":\"https:\/\/choraledubrassus.ch\/de\/diskografie\/\"},{\"@type\":\"ListItem\",\"position\":3,\"name\":\"L&#8217;instant du bonheur &#038; Il est un chant\"}]},{\"@type\":\"WebSite\",\"@id\":\"https:\/\/choraledubrassus.ch\/#website\",\"url\":\"https:\/\/choraledubrassus.ch\/\",\"name\":\"Chorale du Brassus\",\"description\":\"Choeur d&#039;hommes, M\u00e4nnerchor, Swiss Male Voice Choir, more than 150 years old\",\"publisher\":{\"@id\":\"https:\/\/choraledubrassus.ch\/#organization\"},\"potentialAction\":[{\"@type\":\"SearchAction\",\"target\":{\"@type\":\"EntryPoint\",\"urlTemplate\":\"https:\/\/choraledubrassus.ch\/?s={search_term_string}\"},\"query-input\":{\"@type\":\"PropertyValueSpecification\",\"valueRequired\":true,\"valueName\":\"search_term_string\"}}],\"inLanguage\":\"de\"},{\"@type\":\"Organization\",\"@id\":\"https:\/\/choraledubrassus.ch\/#organization\",\"name\":\"Chorale du Brassus\",\"url\":\"https:\/\/choraledubrassus.ch\/\",\"logo\":{\"@type\":\"ImageObject\",\"inLanguage\":\"de\",\"@id\":\"https:\/\/choraledubrassus.ch\/#\/schema\/logo\/image\/\",\"url\":\"https:\/\/choraledubrassus.ch\/wp-content\/uploads\/2018\/02\/ChoraleduBrassus_logo_retina.png\",\"contentUrl\":\"https:\/\/choraledubrassus.ch\/wp-content\/uploads\/2018\/02\/ChoraleduBrassus_logo_retina.png\",\"width\":560,\"height\":98,\"caption\":\"Chorale du Brassus\"},\"image\":{\"@id\":\"https:\/\/choraledubrassus.ch\/#\/schema\/logo\/image\/\"},\"sameAs\":[\"https:\/\/www.facebook.com\/ChoraleduBrassus1849\/\"]}]}<\/script>\n<!-- \/ Yoast SEO plugin. -->","yoast_head_json":{"title":"L'instant du bonheur & Il est un chant | Chorale du Brassus","robots":{"index":"index","follow":"follow","max-snippet":"max-snippet:-1","max-image-preview":"max-image-preview:large","max-video-preview":"max-video-preview:-1"},"canonical":"https:\/\/choraledubrassus.ch\/de\/diskografie\/linstant-du-bonheur-il-est-un-chant\/","og_locale":"de_DE","og_type":"article","og_title":"L'instant du bonheur & Il est un chant | Chorale du Brassus","og_description":"L&#8217;instant du bonheur &#038; Il est un chant Zur\u00fcck zur CD-\u00dcbersicht Datum : 1989 Dirigentin : Andr\u00e9 Charlet Bestellen Wegen AAD Disques Office DO 65051 Ausz\u00fcge aus der CD","og_url":"https:\/\/choraledubrassus.ch\/de\/diskografie\/linstant-du-bonheur-il-est-un-chant\/","og_site_name":"Chorale du Brassus","article_publisher":"https:\/\/www.facebook.com\/ChoraleduBrassus1849\/","article_modified_time":"2018-06-06T13:28:14+00:00","og_image":[{"url":"https:\/\/choraledubrassus.ch\/wp-content\/uploads\/instantdubonheur_HD.jpg","type":"","width":"","height":""}],"twitter_card":"summary_large_image","schema":{"@context":"https:\/\/schema.org","@graph":[{"@type":"WebPage","@id":"https:\/\/choraledubrassus.ch\/de\/diskografie\/linstant-du-bonheur-il-est-un-chant\/","url":"https:\/\/choraledubrassus.ch\/de\/diskografie\/linstant-du-bonheur-il-est-un-chant\/","name":"L'instant du bonheur & Il est un chant | Chorale du Brassus","isPartOf":{"@id":"https:\/\/choraledubrassus.ch\/#website"},"primaryImageOfPage":{"@id":"https:\/\/choraledubrassus.ch\/de\/diskografie\/linstant-du-bonheur-il-est-un-chant\/#primaryimage"},"image":{"@id":"https:\/\/choraledubrassus.ch\/de\/diskografie\/linstant-du-bonheur-il-est-un-chant\/#primaryimage"},"thumbnailUrl":"https:\/\/choraledubrassus.ch\/wp-content\/uploads\/instantdubonheur_HD.jpg","datePublished":"2018-04-06T15:06:10+00:00","dateModified":"2018-06-06T13:28:14+00:00","breadcrumb":{"@id":"https:\/\/choraledubrassus.ch\/de\/diskografie\/linstant-du-bonheur-il-est-un-chant\/#breadcrumb"},"inLanguage":"de","potentialAction":[{"@type":"ReadAction","target":["https:\/\/choraledubrassus.ch\/de\/diskografie\/linstant-du-bonheur-il-est-un-chant\/"]}]},{"@type":"ImageObject","inLanguage":"de","@id":"https:\/\/choraledubrassus.ch\/de\/diskografie\/linstant-du-bonheur-il-est-un-chant\/#primaryimage","url":"https:\/\/choraledubrassus.ch\/wp-content\/uploads\/instantdubonheur_HD.jpg","contentUrl":"https:\/\/choraledubrassus.ch\/wp-content\/uploads\/instantdubonheur_HD.jpg"},{"@type":"BreadcrumbList","@id":"https:\/\/choraledubrassus.ch\/de\/diskografie\/linstant-du-bonheur-il-est-un-chant\/#breadcrumb","itemListElement":[{"@type":"ListItem","position":1,"name":"Accueil","item":"https:\/\/choraledubrassus.ch\/de\/"},{"@type":"ListItem","position":2,"name":"Dis\u00adko\u00adgra\u00adfie","item":"https:\/\/choraledubrassus.ch\/de\/diskografie\/"},{"@type":"ListItem","position":3,"name":"L&#8217;instant du bonheur &#038; Il est un chant"}]},{"@type":"WebSite","@id":"https:\/\/choraledubrassus.ch\/#website","url":"https:\/\/choraledubrassus.ch\/","name":"Chorale du Brassus","description":"Choeur d&#039;hommes, M\u00e4nnerchor, Swiss Male Voice Choir, more than 150 years old","publisher":{"@id":"https:\/\/choraledubrassus.ch\/#organization"},"potentialAction":[{"@type":"SearchAction","target":{"@type":"EntryPoint","urlTemplate":"https:\/\/choraledubrassus.ch\/?s={search_term_string}"},"query-input":{"@type":"PropertyValueSpecification","valueRequired":true,"valueName":"search_term_string"}}],"inLanguage":"de"},{"@type":"Organization","@id":"https:\/\/choraledubrassus.ch\/#organization","name":"Chorale du Brassus","url":"https:\/\/choraledubrassus.ch\/","logo":{"@type":"ImageObject","inLanguage":"de","@id":"https:\/\/choraledubrassus.ch\/#\/schema\/logo\/image\/","url":"https:\/\/choraledubrassus.ch\/wp-content\/uploads\/2018\/02\/ChoraleduBrassus_logo_retina.png","contentUrl":"https:\/\/choraledubrassus.ch\/wp-content\/uploads\/2018\/02\/ChoraleduBrassus_logo_retina.png","width":560,"height":98,"caption":"Chorale du Brassus"},"image":{"@id":"https:\/\/choraledubrassus.ch\/#\/schema\/logo\/image\/"},"sameAs":["https:\/\/www.facebook.com\/ChoraleduBrassus1849\/"]}]}},"_links":{"self":[{"href":"https:\/\/choraledubrassus.ch\/de\/wp-json\/wp\/v2\/pages\/693","targetHints":{"allow":["GET"]}}],"collection":[{"href":"https:\/\/choraledubrassus.ch\/de\/wp-json\/wp\/v2\/pages"}],"about":[{"href":"https:\/\/choraledubrassus.ch\/de\/wp-json\/wp\/v2\/types\/page"}],"author":[{"embeddable":true,"href":"https:\/\/choraledubrassus.ch\/de\/wp-json\/wp\/v2\/users\/1"}],"replies":[{"embeddable":true,"href":"https:\/\/choraledubrassus.ch\/de\/wp-json\/wp\/v2\/comments?post=693"}],"version-history":[{"count":2,"href":"https:\/\/choraledubrassus.ch\/de\/wp-json\/wp\/v2\/pages\/693\/revisions"}],"predecessor-version":[{"id":695,"href":"https:\/\/choraledubrassus.ch\/de\/wp-json\/wp\/v2\/pages\/693\/revisions\/695"}],"up":[{"embeddable":true,"href":"https:\/\/choraledubrassus.ch\/de\/wp-json\/wp\/v2\/pages\/616"}],"wp:attachment":[{"href":"https:\/\/choraledubrassus.ch\/de\/wp-json\/wp\/v2\/media?parent=693"}],"curies":[{"name":"wp","href":"https:\/\/api.w.org\/{rel}","templated":true}]}}