{"id":491,"date":"2018-02-09T11:25:58","date_gmt":"2018-02-09T10:25:58","guid":{"rendered":"https:\/\/choraledubrassus.ch\/le-choeur\/nous-rejoindre\/"},"modified":"2022-08-11T10:03:02","modified_gmt":"2022-08-11T08:03:02","slug":"machen-sie-mit","status":"publish","type":"page","link":"https:\/\/choraledubrassus.ch\/de\/der-chor\/machen-sie-mit\/","title":{"rendered":"Machen Sie mit!"},"content":{"rendered":"\t\t<div data-elementor-type=\"wp-post\" data-elementor-id=\"491\" class=\"elementor elementor-491 elementor-13\" data-elementor-post-type=\"page\">\n\t\t\t\t\t\t<section class=\"elementor-section elementor-top-section elementor-element elementor-element-11614751 elementor-section-stretched elementor-section-full_width elementor-section-content-bottom elementor-section-height-default elementor-section-height-default\" data-id=\"11614751\" data-element_type=\"section\" data-settings=\"{&quot;stretch_section&quot;:&quot;section-stretched&quot;,&quot;background_background&quot;:&quot;classic&quot;}\">\n\t\t\t\t\t\t\t<div class=\"elementor-background-overlay\"><\/div>\n\t\t\t\t\t\t\t<div class=\"elementor-container elementor-column-gap-default\">\n\t\t\t\t\t<div class=\"elementor-column elementor-col-100 elementor-top-column elementor-element elementor-element-43c46ed6\" data-id=\"43c46ed6\" data-element_type=\"column\">\n\t\t\t<div class=\"elementor-widget-wrap elementor-element-populated\">\n\t\t\t\t\t\t<div class=\"elementor-element elementor-element-1819f35 elementor-widget elementor-widget-shortcode\" data-id=\"1819f35\" data-element_type=\"widget\" data-widget_type=\"shortcode.default\">\n\t\t\t\t<div class=\"elementor-widget-container\">\n\t\t\t\t\t\t\t<div class=\"elementor-shortcode\"><span class=\"oceanwp-breadcrumb\"><nav role=\"navigation\" aria-label=\"Brotkr\u00fcmelnavigation\" class=\"site-breadcrumbs clr position-\"><ol class=\"trail-items\" ><meta name=\"numberOfItems\" content=\"1\" \/><meta name=\"itemListOrder\" content=\"Ascending\" \/><li class=\"trail-item trail-end\" ><span itemprop=\"name\"><a href=\"https:\/\/choraledubrassus.ch\/de\/\" rel=\"home\" aria-label=\"Startseite\"><i class=\" icon-home\" aria-hidden=\"true\" role=\"img\"><\/i><span class=\"breadcrumb-home has-icon\">Startseite<\/span><\/a><\/span><meta itemprop=\"position\" content=\"1\" \/><\/li><\/ol><\/nav><\/span><\/div>\n\t\t\t\t\t\t<\/div>\n\t\t\t\t<\/div>\n\t\t\t\t<div class=\"elementor-element elementor-element-76b978b8 elementor-widget elementor-widget-heading\" data-id=\"76b978b8\" data-element_type=\"widget\" data-widget_type=\"heading.default\">\n\t\t\t\t<div class=\"elementor-widget-container\">\n\t\t\t\t\t<h1 class=\"elementor-heading-title elementor-size-default\">Rejoindre la chorale du brassus<\/h1>\t\t\t\t<\/div>\n\t\t\t\t<\/div>\n\t\t\t\t\t<\/div>\n\t\t<\/div>\n\t\t\t\t\t<\/div>\n\t\t<\/section>\n\t\t\t\t<section class=\"elementor-section elementor-top-section elementor-element elementor-element-16078fe8 elementor-section-boxed elementor-section-height-default elementor-section-height-default\" data-id=\"16078fe8\" data-element_type=\"section\">\n\t\t\t\t\t\t<div class=\"elementor-container elementor-column-gap-default\">\n\t\t\t\t\t<div class=\"elementor-column elementor-col-50 elementor-top-column elementor-element elementor-element-6785c847\" data-id=\"6785c847\" data-element_type=\"column\">\n\t\t\t<div class=\"elementor-widget-wrap elementor-element-populated\">\n\t\t\t\t\t\t<div class=\"elementor-element elementor-element-55b1db6a elementor-widget elementor-widget-text-editor\" data-id=\"55b1db6a\" data-element_type=\"widget\" data-widget_type=\"text-editor.default\">\n\t\t\t\t<div class=\"elementor-widget-container\">\n\t\t\t\t\t\t\t\t\t<h3>Appel amical aux chanteurs qui aiment\u00a0\u00a0le Ch\u0153ur d&#8217;hommes<\/h3><p>Venez chanter avec nous des musiques que vous aimez:<br \/>chants populaires, religieux ou romantiques, op\u00e9rettes, ch\u0153urs d\u2019op\u00e9ra\u2026<\/p><p>Venez assister ou participer \u00e0 l&#8217;une de nos r\u00e9p\u00e9titions, un <strong>jeudi soir\u00a0 \u00e0\u00a020h00<\/strong>.<br \/><strong>H\u00f4tel de la Lande\u00a0au Brassus<\/strong>.<\/p><p>Vous y serez bien accueillis.\u00a0(sans examen)<\/p><p>Renseignements: t\u00e9l. +41 79 467 94 72<\/p><p>e-mail: <a href=\"mailto:info@choraledubrassus.ch\">info@choraledubrassus.ch<\/a><\/p>\t\t\t\t\t\t\t\t<\/div>\n\t\t\t\t<\/div>\n\t\t\t\t\t<\/div>\n\t\t<\/div>\n\t\t\t\t<div class=\"elementor-column elementor-col-50 elementor-top-column elementor-element elementor-element-cda6469\" data-id=\"cda6469\" data-element_type=\"column\">\n\t\t\t<div class=\"elementor-widget-wrap elementor-element-populated\">\n\t\t\t\t\t\t<div class=\"elementor-element elementor-element-f0c30c2 elementor-widget elementor-widget-image\" data-id=\"f0c30c2\" data-element_type=\"widget\" data-widget_type=\"image.default\">\n\t\t\t\t<div class=\"elementor-widget-container\">\n\t\t\t\t\t\t\t\t\t\t\t\t\t\t\t<img fetchpriority=\"high\" decoding=\"async\" width=\"1024\" height=\"682\" src=\"https:\/\/choraledubrassus.ch\/wp-content\/uploads\/MG_9123-1024x682.jpg\" class=\"attachment-large size-large wp-image-1048\" alt=\"\" srcset=\"https:\/\/choraledubrassus.ch\/wp-content\/uploads\/MG_9123-1024x682.jpg 1024w, https:\/\/choraledubrassus.ch\/wp-content\/uploads\/MG_9123-300x200.jpg 300w, https:\/\/choraledubrassus.ch\/wp-content\/uploads\/MG_9123-768x512.jpg 768w\" sizes=\"(max-width: 1024px) 100vw, 1024px\" \/>\t\t\t\t\t\t\t\t\t\t\t\t\t\t\t<\/div>\n\t\t\t\t<\/div>\n\t\t\t\t\t<\/div>\n\t\t<\/div>\n\t\t\t\t\t<\/div>\n\t\t<\/section>\n\t\t\t\t<section class=\"elementor-section elementor-top-section elementor-element elementor-element-b11f1d2 elementor-section-boxed elementor-section-height-default elementor-section-height-default\" data-id=\"b11f1d2\" data-element_type=\"section\">\n\t\t\t\t\t\t<div class=\"elementor-container elementor-column-gap-default\">\n\t\t\t\t\t<div class=\"elementor-column elementor-col-100 elementor-top-column elementor-element elementor-element-362af43\" data-id=\"362af43\" data-element_type=\"column\">\n\t\t\t<div class=\"elementor-widget-wrap elementor-element-populated\">\n\t\t\t\t\t\t<div class=\"elementor-element elementor-element-626d193 elementor-widget elementor-widget-video\" data-id=\"626d193\" data-element_type=\"widget\" data-settings=\"{&quot;video_type&quot;:&quot;hosted&quot;,&quot;controls&quot;:&quot;yes&quot;}\" data-widget_type=\"video.default\">\n\t\t\t\t<div class=\"elementor-widget-container\">\n\t\t\t\t\t\t\t<div class=\"e-hosted-video elementor-wrapper elementor-open-inline\">\n\t\t\t\t\t<video class=\"elementor-video\" src=\"https:\/\/choraledubrassus.ch\/wp-content\/uploads\/chorale-du-brassus_repetitions.mp4\" controls=\"\" preload=\"metadata\" controlsList=\"nodownload\"><\/video>\n\t\t\t\t<\/div>\n\t\t\t\t\t\t<\/div>\n\t\t\t\t<\/div>\n\t\t\t\t\t<\/div>\n\t\t<\/div>\n\t\t\t\t\t<\/div>\n\t\t<\/section>\n\t\t\t\t<section class=\"elementor-section elementor-top-section elementor-element elementor-element-24eee15 elementor-section-boxed elementor-section-height-default elementor-section-height-default\" data-id=\"24eee15\" data-element_type=\"section\">\n\t\t\t\t\t\t<div class=\"elementor-container elementor-column-gap-default\">\n\t\t\t\t\t<div class=\"elementor-column elementor-col-50 elementor-top-column elementor-element elementor-element-891ea6b\" data-id=\"891ea6b\" data-element_type=\"column\">\n\t\t\t<div class=\"elementor-widget-wrap elementor-element-populated\">\n\t\t\t\t\t\t<div class=\"elementor-element elementor-element-fd3168a elementor-widget elementor-widget-video\" data-id=\"fd3168a\" data-element_type=\"widget\" data-settings=\"{&quot;video_type&quot;:&quot;hosted&quot;,&quot;controls&quot;:&quot;yes&quot;}\" data-widget_type=\"video.default\">\n\t\t\t\t<div class=\"elementor-widget-container\">\n\t\t\t\t\t\t\t<div class=\"e-hosted-video elementor-wrapper elementor-open-inline\">\n\t\t\t\t\t<video class=\"elementor-video\" src=\"https:\/\/choraledubrassus.ch\/wp-content\/uploads\/chorale-du-brassus_repetitions.mp4\" controls=\"\" preload=\"metadata\" controlsList=\"nodownload\"><\/video>\n\t\t\t\t<\/div>\n\t\t\t\t\t\t<\/div>\n\t\t\t\t<\/div>\n\t\t\t\t\t<\/div>\n\t\t<\/div>\n\t\t\t\t<div class=\"elementor-column elementor-col-50 elementor-top-column elementor-element elementor-element-48a82c7\" data-id=\"48a82c7\" data-element_type=\"column\">\n\t\t\t<div class=\"elementor-widget-wrap elementor-element-populated\">\n\t\t\t\t\t\t<div class=\"elementor-element elementor-element-5a2a7bd elementor-widget elementor-widget-video\" data-id=\"5a2a7bd\" data-element_type=\"widget\" data-settings=\"{&quot;video_type&quot;:&quot;hosted&quot;,&quot;controls&quot;:&quot;yes&quot;}\" data-widget_type=\"video.default\">\n\t\t\t\t<div class=\"elementor-widget-container\">\n\t\t\t\t\t\t\t<div class=\"e-hosted-video elementor-wrapper elementor-open-inline\">\n\t\t\t\t\t<video class=\"elementor-video\" src=\"https:\/\/choraledubrassus.ch\/wp-content\/uploads\/chorale-du-brassus_medley.mp4\" controls=\"\" preload=\"metadata\" controlsList=\"nodownload\"><\/video>\n\t\t\t\t<\/div>\n\t\t\t\t\t\t<\/div>\n\t\t\t\t<\/div>\n\t\t\t\t\t<\/div>\n\t\t<\/div>\n\t\t\t\t\t<\/div>\n\t\t<\/section>\n\t\t\t\t<\/div>\n\t\t","protected":false},"excerpt":{"rendered":"<p>Rejoindre la chorale du brassus Appel amical aux chanteurs qui aiment\u00a0\u00a0le Ch\u0153ur d&#8217;hommes Venez chanter avec nous des musiques que vous aimez:chants populaires, religieux ou romantiques, op\u00e9rettes, ch\u0153urs d\u2019op\u00e9ra\u2026 Venez assister ou participer \u00e0 l&#8217;une de nos r\u00e9p\u00e9titions, un jeudi soir\u00a0 \u00e0\u00a020h00.H\u00f4tel de la Lande\u00a0au Brassus. Vous y serez bien accueillis.\u00a0(sans examen) Renseignements: t\u00e9l. +41 [&hellip;]<\/p>\n","protected":false},"author":1,"featured_media":0,"parent":378,"menu_order":20,"comment_status":"closed","ping_status":"closed","template":"","meta":{"_acf_changed":false,"ocean_post_layout":"","ocean_both_sidebars_style":"","ocean_both_sidebars_content_width":0,"ocean_both_sidebars_sidebars_width":0,"ocean_sidebar":"0","ocean_second_sidebar":"0","ocean_disable_margins":"enable","ocean_add_body_class":"","ocean_shortcode_before_top_bar":"","ocean_shortcode_after_top_bar":"","ocean_shortcode_before_header":"","ocean_shortcode_after_header":"","ocean_has_shortcode":"","ocean_shortcode_after_title":"","ocean_shortcode_before_footer_widgets":"","ocean_shortcode_after_footer_widgets":"","ocean_shortcode_before_footer_bottom":"","ocean_shortcode_after_footer_bottom":"","ocean_display_top_bar":"default","ocean_display_header":"default","ocean_header_style":"","ocean_center_header_left_menu":"0","ocean_custom_header_template":"0","ocean_custom_logo":0,"ocean_custom_retina_logo":0,"ocean_custom_logo_max_width":0,"ocean_custom_logo_tablet_max_width":0,"ocean_custom_logo_mobile_max_width":0,"ocean_custom_logo_max_height":0,"ocean_custom_logo_tablet_max_height":0,"ocean_custom_logo_mobile_max_height":0,"ocean_header_custom_menu":"0","ocean_menu_typo_font_family":"0","ocean_menu_typo_font_subset":"","ocean_menu_typo_font_size":0,"ocean_menu_typo_font_size_tablet":0,"ocean_menu_typo_font_size_mobile":0,"ocean_menu_typo_font_size_unit":"px","ocean_menu_typo_font_weight":"","ocean_menu_typo_font_weight_tablet":"","ocean_menu_typo_font_weight_mobile":"","ocean_menu_typo_transform":"","ocean_menu_typo_transform_tablet":"","ocean_menu_typo_transform_mobile":"","ocean_menu_typo_line_height":0,"ocean_menu_typo_line_height_tablet":0,"ocean_menu_typo_line_height_mobile":0,"ocean_menu_typo_line_height_unit":"","ocean_menu_typo_spacing":0,"ocean_menu_typo_spacing_tablet":0,"ocean_menu_typo_spacing_mobile":0,"ocean_menu_typo_spacing_unit":"","ocean_menu_link_color":"","ocean_menu_link_color_hover":"","ocean_menu_link_color_active":"","ocean_menu_link_background":"","ocean_menu_link_hover_background":"","ocean_menu_link_active_background":"","ocean_menu_social_links_bg":"","ocean_menu_social_hover_links_bg":"","ocean_menu_social_links_color":"","ocean_menu_social_hover_links_color":"","ocean_disable_title":"default","ocean_disable_heading":"default","ocean_post_title":"","ocean_post_subheading":"","ocean_post_title_style":"","ocean_post_title_background_color":"","ocean_post_title_background":0,"ocean_post_title_bg_image_position":"","ocean_post_title_bg_image_attachment":"","ocean_post_title_bg_image_repeat":"","ocean_post_title_bg_image_size":"","ocean_post_title_height":0,"ocean_post_title_bg_overlay":0.5,"ocean_post_title_bg_overlay_color":"","ocean_disable_breadcrumbs":"default","ocean_breadcrumbs_color":"","ocean_breadcrumbs_separator_color":"","ocean_breadcrumbs_links_color":"","ocean_breadcrumbs_links_hover_color":"","ocean_display_footer_widgets":"default","ocean_display_footer_bottom":"default","ocean_custom_footer_template":"0","footnotes":""},"class_list":["post-491","page","type-page","status-publish","hentry","entry"],"acf":[],"yoast_head":"<!-- This site is optimized with the Yoast SEO plugin v25.3.1 - https:\/\/yoast.com\/wordpress\/plugins\/seo\/ -->\n<title>Machen Sie mit! | Chorale du Brassus<\/title>\n<meta name=\"robots\" content=\"index, follow, max-snippet:-1, max-image-preview:large, max-video-preview:-1\" \/>\n<link rel=\"canonical\" href=\"https:\/\/choraledubrassus.ch\/de\/der-chor\/machen-sie-mit\/\" \/>\n<meta property=\"og:locale\" content=\"de_DE\" \/>\n<meta property=\"og:type\" content=\"article\" \/>\n<meta property=\"og:title\" content=\"Machen Sie mit! | Chorale du Brassus\" \/>\n<meta property=\"og:description\" content=\"Rejoindre la chorale du brassus Appel amical aux chanteurs qui aiment\u00a0\u00a0le Ch\u0153ur d&#8217;hommes Venez chanter avec nous des musiques que vous aimez:chants populaires, religieux ou romantiques, op\u00e9rettes, ch\u0153urs d\u2019op\u00e9ra\u2026 Venez assister ou participer \u00e0 l&#8217;une de nos r\u00e9p\u00e9titions, un jeudi soir\u00a0 \u00e0\u00a020h00.H\u00f4tel de la Lande\u00a0au Brassus. Vous y serez bien accueillis.\u00a0(sans examen) Renseignements: t\u00e9l. +41 [&hellip;]\" \/>\n<meta property=\"og:url\" content=\"https:\/\/choraledubrassus.ch\/de\/der-chor\/machen-sie-mit\/\" \/>\n<meta property=\"og:site_name\" content=\"Chorale du Brassus\" \/>\n<meta property=\"article:publisher\" content=\"https:\/\/www.facebook.com\/ChoraleduBrassus1849\/\" \/>\n<meta property=\"article:modified_time\" content=\"2022-08-11T08:03:02+00:00\" \/>\n<meta property=\"og:image\" content=\"https:\/\/choraledubrassus.ch\/wp-content\/uploads\/MG_9123-1024x682.jpg\" \/>\n<meta name=\"twitter:card\" content=\"summary_large_image\" \/>\n<script type=\"application\/ld+json\" class=\"yoast-schema-graph\">{\"@context\":\"https:\/\/schema.org\",\"@graph\":[{\"@type\":\"WebPage\",\"@id\":\"https:\/\/choraledubrassus.ch\/de\/der-chor\/machen-sie-mit\/\",\"url\":\"https:\/\/choraledubrassus.ch\/de\/der-chor\/machen-sie-mit\/\",\"name\":\"Machen Sie mit! | Chorale du Brassus\",\"isPartOf\":{\"@id\":\"https:\/\/choraledubrassus.ch\/#website\"},\"primaryImageOfPage\":{\"@id\":\"https:\/\/choraledubrassus.ch\/de\/der-chor\/machen-sie-mit\/#primaryimage\"},\"image\":{\"@id\":\"https:\/\/choraledubrassus.ch\/de\/der-chor\/machen-sie-mit\/#primaryimage\"},\"thumbnailUrl\":\"https:\/\/choraledubrassus.ch\/wp-content\/uploads\/MG_9123-1024x682.jpg\",\"datePublished\":\"2018-02-09T10:25:58+00:00\",\"dateModified\":\"2022-08-11T08:03:02+00:00\",\"breadcrumb\":{\"@id\":\"https:\/\/choraledubrassus.ch\/de\/der-chor\/machen-sie-mit\/#breadcrumb\"},\"inLanguage\":\"de\",\"potentialAction\":[{\"@type\":\"ReadAction\",\"target\":[\"https:\/\/choraledubrassus.ch\/de\/der-chor\/machen-sie-mit\/\"]}]},{\"@type\":\"ImageObject\",\"inLanguage\":\"de\",\"@id\":\"https:\/\/choraledubrassus.ch\/de\/der-chor\/machen-sie-mit\/#primaryimage\",\"url\":\"https:\/\/choraledubrassus.ch\/wp-content\/uploads\/MG_9123-1024x682.jpg\",\"contentUrl\":\"https:\/\/choraledubrassus.ch\/wp-content\/uploads\/MG_9123-1024x682.jpg\"},{\"@type\":\"BreadcrumbList\",\"@id\":\"https:\/\/choraledubrassus.ch\/de\/der-chor\/machen-sie-mit\/#breadcrumb\",\"itemListElement\":[{\"@type\":\"ListItem\",\"position\":1,\"name\":\"Accueil\",\"item\":\"https:\/\/choraledubrassus.ch\/de\/\"},{\"@type\":\"ListItem\",\"position\":2,\"name\":\"Der Chor\",\"item\":\"https:\/\/choraledubrassus.ch\/de\/der-chor\/\"},{\"@type\":\"ListItem\",\"position\":3,\"name\":\"Machen Sie mit!\"}]},{\"@type\":\"WebSite\",\"@id\":\"https:\/\/choraledubrassus.ch\/#website\",\"url\":\"https:\/\/choraledubrassus.ch\/\",\"name\":\"Chorale du Brassus\",\"description\":\"Choeur d&#039;hommes, M\u00e4nnerchor, Swiss Male Voice Choir, more than 150 years old\",\"publisher\":{\"@id\":\"https:\/\/choraledubrassus.ch\/#organization\"},\"potentialAction\":[{\"@type\":\"SearchAction\",\"target\":{\"@type\":\"EntryPoint\",\"urlTemplate\":\"https:\/\/choraledubrassus.ch\/?s={search_term_string}\"},\"query-input\":{\"@type\":\"PropertyValueSpecification\",\"valueRequired\":true,\"valueName\":\"search_term_string\"}}],\"inLanguage\":\"de\"},{\"@type\":\"Organization\",\"@id\":\"https:\/\/choraledubrassus.ch\/#organization\",\"name\":\"Chorale du Brassus\",\"url\":\"https:\/\/choraledubrassus.ch\/\",\"logo\":{\"@type\":\"ImageObject\",\"inLanguage\":\"de\",\"@id\":\"https:\/\/choraledubrassus.ch\/#\/schema\/logo\/image\/\",\"url\":\"https:\/\/choraledubrassus.ch\/wp-content\/uploads\/2018\/02\/ChoraleduBrassus_logo_retina.png\",\"contentUrl\":\"https:\/\/choraledubrassus.ch\/wp-content\/uploads\/2018\/02\/ChoraleduBrassus_logo_retina.png\",\"width\":560,\"height\":98,\"caption\":\"Chorale du Brassus\"},\"image\":{\"@id\":\"https:\/\/choraledubrassus.ch\/#\/schema\/logo\/image\/\"},\"sameAs\":[\"https:\/\/www.facebook.com\/ChoraleduBrassus1849\/\"]}]}<\/script>\n<!-- \/ Yoast SEO plugin. -->","yoast_head_json":{"title":"Machen Sie mit! | Chorale du Brassus","robots":{"index":"index","follow":"follow","max-snippet":"max-snippet:-1","max-image-preview":"max-image-preview:large","max-video-preview":"max-video-preview:-1"},"canonical":"https:\/\/choraledubrassus.ch\/de\/der-chor\/machen-sie-mit\/","og_locale":"de_DE","og_type":"article","og_title":"Machen Sie mit! | Chorale du Brassus","og_description":"Rejoindre la chorale du brassus Appel amical aux chanteurs qui aiment\u00a0\u00a0le Ch\u0153ur d&#8217;hommes Venez chanter avec nous des musiques que vous aimez:chants populaires, religieux ou romantiques, op\u00e9rettes, ch\u0153urs d\u2019op\u00e9ra\u2026 Venez assister ou participer \u00e0 l&#8217;une de nos r\u00e9p\u00e9titions, un jeudi soir\u00a0 \u00e0\u00a020h00.H\u00f4tel de la Lande\u00a0au Brassus. Vous y serez bien accueillis.\u00a0(sans examen) Renseignements: t\u00e9l. +41 [&hellip;]","og_url":"https:\/\/choraledubrassus.ch\/de\/der-chor\/machen-sie-mit\/","og_site_name":"Chorale du Brassus","article_publisher":"https:\/\/www.facebook.com\/ChoraleduBrassus1849\/","article_modified_time":"2022-08-11T08:03:02+00:00","og_image":[{"url":"https:\/\/choraledubrassus.ch\/wp-content\/uploads\/MG_9123-1024x682.jpg","type":"","width":"","height":""}],"twitter_card":"summary_large_image","schema":{"@context":"https:\/\/schema.org","@graph":[{"@type":"WebPage","@id":"https:\/\/choraledubrassus.ch\/de\/der-chor\/machen-sie-mit\/","url":"https:\/\/choraledubrassus.ch\/de\/der-chor\/machen-sie-mit\/","name":"Machen Sie mit! | Chorale du Brassus","isPartOf":{"@id":"https:\/\/choraledubrassus.ch\/#website"},"primaryImageOfPage":{"@id":"https:\/\/choraledubrassus.ch\/de\/der-chor\/machen-sie-mit\/#primaryimage"},"image":{"@id":"https:\/\/choraledubrassus.ch\/de\/der-chor\/machen-sie-mit\/#primaryimage"},"thumbnailUrl":"https:\/\/choraledubrassus.ch\/wp-content\/uploads\/MG_9123-1024x682.jpg","datePublished":"2018-02-09T10:25:58+00:00","dateModified":"2022-08-11T08:03:02+00:00","breadcrumb":{"@id":"https:\/\/choraledubrassus.ch\/de\/der-chor\/machen-sie-mit\/#breadcrumb"},"inLanguage":"de","potentialAction":[{"@type":"ReadAction","target":["https:\/\/choraledubrassus.ch\/de\/der-chor\/machen-sie-mit\/"]}]},{"@type":"ImageObject","inLanguage":"de","@id":"https:\/\/choraledubrassus.ch\/de\/der-chor\/machen-sie-mit\/#primaryimage","url":"https:\/\/choraledubrassus.ch\/wp-content\/uploads\/MG_9123-1024x682.jpg","contentUrl":"https:\/\/choraledubrassus.ch\/wp-content\/uploads\/MG_9123-1024x682.jpg"},{"@type":"BreadcrumbList","@id":"https:\/\/choraledubrassus.ch\/de\/der-chor\/machen-sie-mit\/#breadcrumb","itemListElement":[{"@type":"ListItem","position":1,"name":"Accueil","item":"https:\/\/choraledubrassus.ch\/de\/"},{"@type":"ListItem","position":2,"name":"Der Chor","item":"https:\/\/choraledubrassus.ch\/de\/der-chor\/"},{"@type":"ListItem","position":3,"name":"Machen Sie mit!"}]},{"@type":"WebSite","@id":"https:\/\/choraledubrassus.ch\/#website","url":"https:\/\/choraledubrassus.ch\/","name":"Chorale du Brassus","description":"Choeur d&#039;hommes, M\u00e4nnerchor, Swiss Male Voice Choir, more than 150 years old","publisher":{"@id":"https:\/\/choraledubrassus.ch\/#organization"},"potentialAction":[{"@type":"SearchAction","target":{"@type":"EntryPoint","urlTemplate":"https:\/\/choraledubrassus.ch\/?s={search_term_string}"},"query-input":{"@type":"PropertyValueSpecification","valueRequired":true,"valueName":"search_term_string"}}],"inLanguage":"de"},{"@type":"Organization","@id":"https:\/\/choraledubrassus.ch\/#organization","name":"Chorale du Brassus","url":"https:\/\/choraledubrassus.ch\/","logo":{"@type":"ImageObject","inLanguage":"de","@id":"https:\/\/choraledubrassus.ch\/#\/schema\/logo\/image\/","url":"https:\/\/choraledubrassus.ch\/wp-content\/uploads\/2018\/02\/ChoraleduBrassus_logo_retina.png","contentUrl":"https:\/\/choraledubrassus.ch\/wp-content\/uploads\/2018\/02\/ChoraleduBrassus_logo_retina.png","width":560,"height":98,"caption":"Chorale du Brassus"},"image":{"@id":"https:\/\/choraledubrassus.ch\/#\/schema\/logo\/image\/"},"sameAs":["https:\/\/www.facebook.com\/ChoraleduBrassus1849\/"]}]}},"_links":{"self":[{"href":"https:\/\/choraledubrassus.ch\/de\/wp-json\/wp\/v2\/pages\/491","targetHints":{"allow":["GET"]}}],"collection":[{"href":"https:\/\/choraledubrassus.ch\/de\/wp-json\/wp\/v2\/pages"}],"about":[{"href":"https:\/\/choraledubrassus.ch\/de\/wp-json\/wp\/v2\/types\/page"}],"author":[{"embeddable":true,"href":"https:\/\/choraledubrassus.ch\/de\/wp-json\/wp\/v2\/users\/1"}],"replies":[{"embeddable":true,"href":"https:\/\/choraledubrassus.ch\/de\/wp-json\/wp\/v2\/comments?post=491"}],"version-history":[{"count":5,"href":"https:\/\/choraledubrassus.ch\/de\/wp-json\/wp\/v2\/pages\/491\/revisions"}],"predecessor-version":[{"id":1316,"href":"https:\/\/choraledubrassus.ch\/de\/wp-json\/wp\/v2\/pages\/491\/revisions\/1316"}],"up":[{"embeddable":true,"href":"https:\/\/choraledubrassus.ch\/de\/wp-json\/wp\/v2\/pages\/378"}],"wp:attachment":[{"href":"https:\/\/choraledubrassus.ch\/de\/wp-json\/wp\/v2\/media?parent=491"}],"curies":[{"name":"wp","href":"https:\/\/api.w.org\/{rel}","templated":true}]}}