{"id":396,"date":"2018-02-09T11:27:37","date_gmt":"2018-02-09T10:27:37","guid":{"rendered":"https:\/\/choraledubrassus.ch\/contact\/"},"modified":"2019-11-12T12:14:12","modified_gmt":"2019-11-12T11:14:12","slug":"kontakte","status":"publish","type":"page","link":"https:\/\/choraledubrassus.ch\/de\/kontakte\/","title":{"rendered":"Kontakte"},"content":{"rendered":"\t\t<div data-elementor-type=\"wp-post\" data-elementor-id=\"396\" class=\"elementor elementor-396 elementor-29\" data-elementor-post-type=\"page\">\n\t\t\t\t\t\t<section class=\"elementor-section elementor-top-section elementor-element elementor-element-b4abed0 elementor-section-stretched elementor-section-full_width elementor-section-content-bottom elementor-section-height-default elementor-section-height-default\" data-id=\"b4abed0\" data-element_type=\"section\" data-settings=\"{&quot;stretch_section&quot;:&quot;section-stretched&quot;,&quot;background_background&quot;:&quot;classic&quot;}\">\n\t\t\t\t\t\t\t<div class=\"elementor-background-overlay\"><\/div>\n\t\t\t\t\t\t\t<div class=\"elementor-container elementor-column-gap-default\">\n\t\t\t\t\t<div class=\"elementor-column elementor-col-100 elementor-top-column elementor-element elementor-element-6a55a4ac\" data-id=\"6a55a4ac\" data-element_type=\"column\">\n\t\t\t<div class=\"elementor-widget-wrap elementor-element-populated\">\n\t\t\t\t\t\t<div class=\"elementor-element elementor-element-67657715 elementor-widget elementor-widget-shortcode\" data-id=\"67657715\" data-element_type=\"widget\" data-widget_type=\"shortcode.default\">\n\t\t\t\t<div class=\"elementor-widget-container\">\n\t\t\t\t\t\t\t<div class=\"elementor-shortcode\"><span class=\"oceanwp-breadcrumb\"><nav role=\"navigation\" aria-label=\"Brotkr\u00fcmelnavigation\" class=\"site-breadcrumbs clr position-\"><ol class=\"trail-items\" ><meta name=\"numberOfItems\" content=\"1\" \/><meta name=\"itemListOrder\" content=\"Ascending\" \/><li class=\"trail-item trail-end\" ><span itemprop=\"name\"><a href=\"https:\/\/choraledubrassus.ch\/de\/\" rel=\"home\" aria-label=\"Startseite\"><i class=\" icon-home\" aria-hidden=\"true\" role=\"img\"><\/i><span class=\"breadcrumb-home has-icon\">Startseite<\/span><\/a><\/span><meta itemprop=\"position\" content=\"1\" \/><\/li><\/ol><\/nav><\/span><\/div>\n\t\t\t\t\t\t<\/div>\n\t\t\t\t<\/div>\n\t\t\t\t<div class=\"elementor-element elementor-element-2711af74 elementor-widget elementor-widget-heading\" data-id=\"2711af74\" data-element_type=\"widget\" data-widget_type=\"heading.default\">\n\t\t\t\t<div class=\"elementor-widget-container\">\n\t\t\t\t\t<h1 class=\"elementor-heading-title elementor-size-default\">Kontakte<\/h1>\t\t\t\t<\/div>\n\t\t\t\t<\/div>\n\t\t\t\t\t<\/div>\n\t\t<\/div>\n\t\t\t\t\t<\/div>\n\t\t<\/section>\n\t\t\t\t<section class=\"elementor-section elementor-top-section elementor-element elementor-element-6e64516 elementor-section-boxed elementor-section-height-default elementor-section-height-default\" data-id=\"6e64516\" data-element_type=\"section\">\n\t\t\t\t\t\t<div class=\"elementor-container elementor-column-gap-default\">\n\t\t\t\t\t<div class=\"elementor-column elementor-col-33 elementor-top-column elementor-element elementor-element-4570149\" data-id=\"4570149\" data-element_type=\"column\">\n\t\t\t<div class=\"elementor-widget-wrap elementor-element-populated\">\n\t\t\t\t\t\t<div class=\"elementor-element elementor-element-206a757 elementor-widget elementor-widget-text-editor\" data-id=\"206a757\" data-element_type=\"widget\" data-widget_type=\"text-editor.default\">\n\t\t\t\t<div class=\"elementor-widget-container\">\n\t\t\t\t\t\t\t\t\t<h3>Chorale du Brassus<\/h3><p>c\/o Jean-Marc Rochat<br \/>Chemin de la Crosette 7<br \/>1307 Lussery-Villars<br \/>Schweiz<\/p><p>T\u00e9l: <a href=\"tel:+41794679472\">+41 79 467 94 72<\/a><br \/>Email : <a href=\"mailto:info@choraledubrassus.ch\">info@choraledubrassus.ch<\/a><\/p>\t\t\t\t\t\t\t\t<\/div>\n\t\t\t\t<\/div>\n\t\t\t\t\t<\/div>\n\t\t<\/div>\n\t\t\t\t<div class=\"elementor-column elementor-col-33 elementor-top-column elementor-element elementor-element-d3010de\" data-id=\"d3010de\" data-element_type=\"column\">\n\t\t\t<div class=\"elementor-widget-wrap elementor-element-populated\">\n\t\t\t\t\t\t<div class=\"elementor-element elementor-element-9e0a347 elementor-widget elementor-widget-text-editor\" data-id=\"9e0a347\" data-element_type=\"widget\" data-widget_type=\"text-editor.default\">\n\t\t\t\t<div class=\"elementor-widget-container\">\n\t\t\t\t\t\t\t\t\t<h3>Dirigentin<\/h3><p><strong>Stanislava Nankova<\/strong><br \/>Gen\u00e8ve<\/p><p>T\u00e9l: <a href=\"tel:+41763973865\">+41 76 397 38 65<\/a><br \/>Email : <a href=\"mailto:nankova@choraledubrassus.ch\">nankova@choraledubrassus.ch<\/a><\/p>\t\t\t\t\t\t\t\t<\/div>\n\t\t\t\t<\/div>\n\t\t\t\t\t<\/div>\n\t\t<\/div>\n\t\t\t\t<div class=\"elementor-column elementor-col-33 elementor-top-column elementor-element elementor-element-5513e2f\" data-id=\"5513e2f\" data-element_type=\"column\">\n\t\t\t<div class=\"elementor-widget-wrap elementor-element-populated\">\n\t\t\t\t\t\t<div class=\"elementor-element elementor-element-6a78657 elementor-widget elementor-widget-text-editor\" data-id=\"6a78657\" data-element_type=\"widget\" data-widget_type=\"text-editor.default\">\n\t\t\t\t<div class=\"elementor-widget-container\">\n\t\t\t\t\t\t\t\t\t<h3>Vorsitzender<\/h3><p><strong>Jean Marc Rochat<\/strong><br \/>Ch. de la Crosette 7<br \/>1307 Lussery-Villars<\/p><p>Mobile: <a href=\"tel:+41794679472\">+41 79 467 94 72<\/a><br \/>Email : <a href=\"&quot;mailto:president@choraledubrassus.ch\">president@choraledubrassus.ch<\/a><\/p>\t\t\t\t\t\t\t\t<\/div>\n\t\t\t\t<\/div>\n\t\t\t\t\t<\/div>\n\t\t<\/div>\n\t\t\t\t\t<\/div>\n\t\t<\/section>\n\t\t\t\t<\/div>\n\t\t","protected":false},"excerpt":{"rendered":"<p>Kontakte Chorale du Brassus c\/o Jean-Marc RochatChemin de la Crosette 71307 Lussery-VillarsSchweiz T\u00e9l: +41 79 467 94 72Email : info@choraledubrassus.ch Dirigentin Stanislava NankovaGen\u00e8ve T\u00e9l: +41 76 397 38 65Email : nankova@choraledubrassus.ch Vorsitzender Jean Marc RochatCh. de la Crosette 71307 Lussery-Villars Mobile: +41 79 467 94 72Email : president@choraledubrassus.ch<\/p>\n","protected":false},"author":1,"featured_media":0,"parent":0,"menu_order":900,"comment_status":"closed","ping_status":"closed","template":"","meta":{"_acf_changed":false,"ocean_post_layout":"","ocean_both_sidebars_style":"","ocean_both_sidebars_content_width":0,"ocean_both_sidebars_sidebars_width":0,"ocean_sidebar":"0","ocean_second_sidebar":"0","ocean_disable_margins":"enable","ocean_add_body_class":"","ocean_shortcode_before_top_bar":"","ocean_shortcode_after_top_bar":"","ocean_shortcode_before_header":"","ocean_shortcode_after_header":"","ocean_has_shortcode":"","ocean_shortcode_after_title":"","ocean_shortcode_before_footer_widgets":"","ocean_shortcode_after_footer_widgets":"","ocean_shortcode_before_footer_bottom":"","ocean_shortcode_after_footer_bottom":"","ocean_display_top_bar":"default","ocean_display_header":"default","ocean_header_style":"","ocean_center_header_left_menu":"0","ocean_custom_header_template":"0","ocean_custom_logo":0,"ocean_custom_retina_logo":0,"ocean_custom_logo_max_width":0,"ocean_custom_logo_tablet_max_width":0,"ocean_custom_logo_mobile_max_width":0,"ocean_custom_logo_max_height":0,"ocean_custom_logo_tablet_max_height":0,"ocean_custom_logo_mobile_max_height":0,"ocean_header_custom_menu":"0","ocean_menu_typo_font_family":"0","ocean_menu_typo_font_subset":"","ocean_menu_typo_font_size":0,"ocean_menu_typo_font_size_tablet":0,"ocean_menu_typo_font_size_mobile":0,"ocean_menu_typo_font_size_unit":"px","ocean_menu_typo_font_weight":"","ocean_menu_typo_font_weight_tablet":"","ocean_menu_typo_font_weight_mobile":"","ocean_menu_typo_transform":"","ocean_menu_typo_transform_tablet":"","ocean_menu_typo_transform_mobile":"","ocean_menu_typo_line_height":0,"ocean_menu_typo_line_height_tablet":0,"ocean_menu_typo_line_height_mobile":0,"ocean_menu_typo_line_height_unit":"","ocean_menu_typo_spacing":0,"ocean_menu_typo_spacing_tablet":0,"ocean_menu_typo_spacing_mobile":0,"ocean_menu_typo_spacing_unit":"","ocean_menu_link_color":"","ocean_menu_link_color_hover":"","ocean_menu_link_color_active":"","ocean_menu_link_background":"","ocean_menu_link_hover_background":"","ocean_menu_link_active_background":"","ocean_menu_social_links_bg":"","ocean_menu_social_hover_links_bg":"","ocean_menu_social_links_color":"","ocean_menu_social_hover_links_color":"","ocean_disable_title":"default","ocean_disable_heading":"default","ocean_post_title":"","ocean_post_subheading":"","ocean_post_title_style":"","ocean_post_title_background_color":"","ocean_post_title_background":0,"ocean_post_title_bg_image_position":"","ocean_post_title_bg_image_attachment":"","ocean_post_title_bg_image_repeat":"","ocean_post_title_bg_image_size":"","ocean_post_title_height":0,"ocean_post_title_bg_overlay":0.5,"ocean_post_title_bg_overlay_color":"","ocean_disable_breadcrumbs":"default","ocean_breadcrumbs_color":"","ocean_breadcrumbs_separator_color":"","ocean_breadcrumbs_links_color":"","ocean_breadcrumbs_links_hover_color":"","ocean_display_footer_widgets":"default","ocean_display_footer_bottom":"default","ocean_custom_footer_template":"0","footnotes":""},"class_list":["post-396","page","type-page","status-publish","hentry","entry"],"acf":[],"yoast_head":"<!-- This site is optimized with the Yoast SEO plugin v25.3.1 - https:\/\/yoast.com\/wordpress\/plugins\/seo\/ -->\n<title>Kontakte | Chorale du Brassus<\/title>\n<meta name=\"robots\" content=\"index, follow, max-snippet:-1, max-image-preview:large, max-video-preview:-1\" \/>\n<link rel=\"canonical\" href=\"https:\/\/choraledubrassus.ch\/de\/kontakte\/\" \/>\n<meta property=\"og:locale\" content=\"de_DE\" \/>\n<meta property=\"og:type\" content=\"article\" \/>\n<meta property=\"og:title\" content=\"Kontakte | Chorale du Brassus\" \/>\n<meta property=\"og:description\" content=\"Kontakte Chorale du Brassus c\/o Jean-Marc RochatChemin de la Crosette 71307 Lussery-VillarsSchweiz T\u00e9l: +41 79 467 94 72Email : info@choraledubrassus.ch Dirigentin Stanislava NankovaGen\u00e8ve T\u00e9l: +41 76 397 38 65Email : nankova@choraledubrassus.ch Vorsitzender Jean Marc RochatCh. de la Crosette 71307 Lussery-Villars Mobile: +41 79 467 94 72Email : president@choraledubrassus.ch\" \/>\n<meta property=\"og:url\" content=\"https:\/\/choraledubrassus.ch\/de\/kontakte\/\" \/>\n<meta property=\"og:site_name\" content=\"Chorale du Brassus\" \/>\n<meta property=\"article:publisher\" content=\"https:\/\/www.facebook.com\/ChoraleduBrassus1849\/\" \/>\n<meta property=\"article:modified_time\" content=\"2019-11-12T11:14:12+00:00\" \/>\n<meta name=\"twitter:card\" content=\"summary_large_image\" \/>\n<script type=\"application\/ld+json\" class=\"yoast-schema-graph\">{\"@context\":\"https:\/\/schema.org\",\"@graph\":[{\"@type\":\"WebPage\",\"@id\":\"https:\/\/choraledubrassus.ch\/de\/kontakte\/\",\"url\":\"https:\/\/choraledubrassus.ch\/de\/kontakte\/\",\"name\":\"Kontakte | Chorale du Brassus\",\"isPartOf\":{\"@id\":\"https:\/\/choraledubrassus.ch\/#website\"},\"datePublished\":\"2018-02-09T10:27:37+00:00\",\"dateModified\":\"2019-11-12T11:14:12+00:00\",\"breadcrumb\":{\"@id\":\"https:\/\/choraledubrassus.ch\/de\/kontakte\/#breadcrumb\"},\"inLanguage\":\"de\",\"potentialAction\":[{\"@type\":\"ReadAction\",\"target\":[\"https:\/\/choraledubrassus.ch\/de\/kontakte\/\"]}]},{\"@type\":\"BreadcrumbList\",\"@id\":\"https:\/\/choraledubrassus.ch\/de\/kontakte\/#breadcrumb\",\"itemListElement\":[{\"@type\":\"ListItem\",\"position\":1,\"name\":\"Accueil\",\"item\":\"https:\/\/choraledubrassus.ch\/de\/\"},{\"@type\":\"ListItem\",\"position\":2,\"name\":\"Kontakte\"}]},{\"@type\":\"WebSite\",\"@id\":\"https:\/\/choraledubrassus.ch\/#website\",\"url\":\"https:\/\/choraledubrassus.ch\/\",\"name\":\"Chorale du Brassus\",\"description\":\"Choeur d&#039;hommes, M\u00e4nnerchor, Swiss Male Voice Choir, more than 150 years old\",\"publisher\":{\"@id\":\"https:\/\/choraledubrassus.ch\/#organization\"},\"potentialAction\":[{\"@type\":\"SearchAction\",\"target\":{\"@type\":\"EntryPoint\",\"urlTemplate\":\"https:\/\/choraledubrassus.ch\/?s={search_term_string}\"},\"query-input\":{\"@type\":\"PropertyValueSpecification\",\"valueRequired\":true,\"valueName\":\"search_term_string\"}}],\"inLanguage\":\"de\"},{\"@type\":\"Organization\",\"@id\":\"https:\/\/choraledubrassus.ch\/#organization\",\"name\":\"Chorale du Brassus\",\"url\":\"https:\/\/choraledubrassus.ch\/\",\"logo\":{\"@type\":\"ImageObject\",\"inLanguage\":\"de\",\"@id\":\"https:\/\/choraledubrassus.ch\/#\/schema\/logo\/image\/\",\"url\":\"https:\/\/choraledubrassus.ch\/wp-content\/uploads\/2018\/02\/ChoraleduBrassus_logo_retina.png\",\"contentUrl\":\"https:\/\/choraledubrassus.ch\/wp-content\/uploads\/2018\/02\/ChoraleduBrassus_logo_retina.png\",\"width\":560,\"height\":98,\"caption\":\"Chorale du Brassus\"},\"image\":{\"@id\":\"https:\/\/choraledubrassus.ch\/#\/schema\/logo\/image\/\"},\"sameAs\":[\"https:\/\/www.facebook.com\/ChoraleduBrassus1849\/\"]}]}<\/script>\n<!-- \/ Yoast SEO plugin. -->","yoast_head_json":{"title":"Kontakte | Chorale du Brassus","robots":{"index":"index","follow":"follow","max-snippet":"max-snippet:-1","max-image-preview":"max-image-preview:large","max-video-preview":"max-video-preview:-1"},"canonical":"https:\/\/choraledubrassus.ch\/de\/kontakte\/","og_locale":"de_DE","og_type":"article","og_title":"Kontakte | Chorale du Brassus","og_description":"Kontakte Chorale du Brassus c\/o Jean-Marc RochatChemin de la Crosette 71307 Lussery-VillarsSchweiz T\u00e9l: +41 79 467 94 72Email : info@choraledubrassus.ch Dirigentin Stanislava NankovaGen\u00e8ve T\u00e9l: +41 76 397 38 65Email : nankova@choraledubrassus.ch Vorsitzender Jean Marc RochatCh. de la Crosette 71307 Lussery-Villars Mobile: +41 79 467 94 72Email : president@choraledubrassus.ch","og_url":"https:\/\/choraledubrassus.ch\/de\/kontakte\/","og_site_name":"Chorale du Brassus","article_publisher":"https:\/\/www.facebook.com\/ChoraleduBrassus1849\/","article_modified_time":"2019-11-12T11:14:12+00:00","twitter_card":"summary_large_image","schema":{"@context":"https:\/\/schema.org","@graph":[{"@type":"WebPage","@id":"https:\/\/choraledubrassus.ch\/de\/kontakte\/","url":"https:\/\/choraledubrassus.ch\/de\/kontakte\/","name":"Kontakte | Chorale du Brassus","isPartOf":{"@id":"https:\/\/choraledubrassus.ch\/#website"},"datePublished":"2018-02-09T10:27:37+00:00","dateModified":"2019-11-12T11:14:12+00:00","breadcrumb":{"@id":"https:\/\/choraledubrassus.ch\/de\/kontakte\/#breadcrumb"},"inLanguage":"de","potentialAction":[{"@type":"ReadAction","target":["https:\/\/choraledubrassus.ch\/de\/kontakte\/"]}]},{"@type":"BreadcrumbList","@id":"https:\/\/choraledubrassus.ch\/de\/kontakte\/#breadcrumb","itemListElement":[{"@type":"ListItem","position":1,"name":"Accueil","item":"https:\/\/choraledubrassus.ch\/de\/"},{"@type":"ListItem","position":2,"name":"Kontakte"}]},{"@type":"WebSite","@id":"https:\/\/choraledubrassus.ch\/#website","url":"https:\/\/choraledubrassus.ch\/","name":"Chorale du Brassus","description":"Choeur d&#039;hommes, M\u00e4nnerchor, Swiss Male Voice Choir, more than 150 years old","publisher":{"@id":"https:\/\/choraledubrassus.ch\/#organization"},"potentialAction":[{"@type":"SearchAction","target":{"@type":"EntryPoint","urlTemplate":"https:\/\/choraledubrassus.ch\/?s={search_term_string}"},"query-input":{"@type":"PropertyValueSpecification","valueRequired":true,"valueName":"search_term_string"}}],"inLanguage":"de"},{"@type":"Organization","@id":"https:\/\/choraledubrassus.ch\/#organization","name":"Chorale du Brassus","url":"https:\/\/choraledubrassus.ch\/","logo":{"@type":"ImageObject","inLanguage":"de","@id":"https:\/\/choraledubrassus.ch\/#\/schema\/logo\/image\/","url":"https:\/\/choraledubrassus.ch\/wp-content\/uploads\/2018\/02\/ChoraleduBrassus_logo_retina.png","contentUrl":"https:\/\/choraledubrassus.ch\/wp-content\/uploads\/2018\/02\/ChoraleduBrassus_logo_retina.png","width":560,"height":98,"caption":"Chorale du Brassus"},"image":{"@id":"https:\/\/choraledubrassus.ch\/#\/schema\/logo\/image\/"},"sameAs":["https:\/\/www.facebook.com\/ChoraleduBrassus1849\/"]}]}},"_links":{"self":[{"href":"https:\/\/choraledubrassus.ch\/de\/wp-json\/wp\/v2\/pages\/396","targetHints":{"allow":["GET"]}}],"collection":[{"href":"https:\/\/choraledubrassus.ch\/de\/wp-json\/wp\/v2\/pages"}],"about":[{"href":"https:\/\/choraledubrassus.ch\/de\/wp-json\/wp\/v2\/types\/page"}],"author":[{"embeddable":true,"href":"https:\/\/choraledubrassus.ch\/de\/wp-json\/wp\/v2\/users\/1"}],"replies":[{"embeddable":true,"href":"https:\/\/choraledubrassus.ch\/de\/wp-json\/wp\/v2\/comments?post=396"}],"version-history":[{"count":9,"href":"https:\/\/choraledubrassus.ch\/de\/wp-json\/wp\/v2\/pages\/396\/revisions"}],"predecessor-version":[{"id":1089,"href":"https:\/\/choraledubrassus.ch\/de\/wp-json\/wp\/v2\/pages\/396\/revisions\/1089"}],"wp:attachment":[{"href":"https:\/\/choraledubrassus.ch\/de\/wp-json\/wp\/v2\/media?parent=396"}],"curies":[{"name":"wp","href":"https:\/\/api.w.org\/{rel}","templated":true}]}}