{"id":378,"date":"2018-02-09T11:25:29","date_gmt":"2018-02-09T10:25:29","guid":{"rendered":"https:\/\/choraledubrassus.ch\/le-choeur\/"},"modified":"2018-06-28T11:28:54","modified_gmt":"2018-06-28T09:28:54","slug":"der-chor","status":"publish","type":"page","link":"https:\/\/choraledubrassus.ch\/de\/der-chor\/","title":{"rendered":"Der Chor"},"content":{"rendered":"\t\t<div data-elementor-type=\"wp-post\" data-elementor-id=\"378\" class=\"elementor elementor-378 elementor-9\" data-elementor-post-type=\"page\">\n\t\t\t\t\t\t<section class=\"elementor-section elementor-top-section elementor-element elementor-element-80d42c5 elementor-section-stretched elementor-section-full_width elementor-section-content-bottom elementor-section-height-default elementor-section-height-default\" data-id=\"80d42c5\" data-element_type=\"section\" data-settings=\"{&quot;stretch_section&quot;:&quot;section-stretched&quot;,&quot;background_background&quot;:&quot;classic&quot;}\">\n\t\t\t\t\t\t\t<div class=\"elementor-background-overlay\"><\/div>\n\t\t\t\t\t\t\t<div class=\"elementor-container elementor-column-gap-default\">\n\t\t\t\t\t<div class=\"elementor-column elementor-col-100 elementor-top-column elementor-element elementor-element-e593d14\" data-id=\"e593d14\" data-element_type=\"column\">\n\t\t\t<div class=\"elementor-widget-wrap elementor-element-populated\">\n\t\t\t\t\t\t<div class=\"elementor-element elementor-element-e6d935d elementor-widget elementor-widget-shortcode\" data-id=\"e6d935d\" data-element_type=\"widget\" data-widget_type=\"shortcode.default\">\n\t\t\t\t<div class=\"elementor-widget-container\">\n\t\t\t\t\t\t\t<div class=\"elementor-shortcode\"><span class=\"oceanwp-breadcrumb\"><nav role=\"navigation\" aria-label=\"Brotkr\u00fcmelnavigation\" class=\"site-breadcrumbs clr position-\"><ol class=\"trail-items\" ><meta name=\"numberOfItems\" content=\"1\" \/><meta name=\"itemListOrder\" content=\"Ascending\" \/><li class=\"trail-item trail-end\" ><span itemprop=\"name\"><a href=\"https:\/\/choraledubrassus.ch\/de\/\" rel=\"home\" aria-label=\"Startseite\"><i class=\" icon-home\" aria-hidden=\"true\" role=\"img\"><\/i><span class=\"breadcrumb-home has-icon\">Startseite<\/span><\/a><\/span><meta itemprop=\"position\" content=\"1\" \/><\/li><\/ol><\/nav><\/span><\/div>\n\t\t\t\t\t\t<\/div>\n\t\t\t\t<\/div>\n\t\t\t\t<div class=\"elementor-element elementor-element-aba2b15 elementor-widget elementor-widget-heading\" data-id=\"aba2b15\" data-element_type=\"widget\" data-widget_type=\"heading.default\">\n\t\t\t\t<div class=\"elementor-widget-container\">\n\t\t\t\t\t<h1 class=\"elementor-heading-title elementor-size-default\">Der Chor<\/h1>\t\t\t\t<\/div>\n\t\t\t\t<\/div>\n\t\t\t\t\t<\/div>\n\t\t<\/div>\n\t\t\t\t\t<\/div>\n\t\t<\/section>\n\t\t\t\t<section class=\"elementor-section elementor-top-section elementor-element elementor-element-4e6096b elementor-section-boxed elementor-section-height-default elementor-section-height-default\" data-id=\"4e6096b\" data-element_type=\"section\">\n\t\t\t\t\t\t<div class=\"elementor-container elementor-column-gap-default\">\n\t\t\t\t\t<div class=\"elementor-column elementor-col-100 elementor-top-column elementor-element elementor-element-1b7e94c\" data-id=\"1b7e94c\" data-element_type=\"column\">\n\t\t\t<div class=\"elementor-widget-wrap elementor-element-populated\">\n\t\t\t\t\t\t<div class=\"elementor-element elementor-element-db868dd elementor-widget elementor-widget-text-editor\" data-id=\"db868dd\" data-element_type=\"widget\" data-widget_type=\"text-editor.default\">\n\t\t\t\t<div class=\"elementor-widget-container\">\n\t\t\t\t\t\t\t\t\t<p>Der geschichtstr\u00e4chtige Chor von Le Brassus wird niemals vergessen, was er Andr\u00e9 Charlet zu verdanken hat. Doch genau wie Filmemacher Woody Allen denkt er auch viel an die Zukunft, weil das der Ort ist, an dem er die n\u00e4chsten Jahre zubringen wird! Unter der Leitung von Stanislava Nankova widmet sich unser M\u00e4nnerchor mit seinen gut vierzig S\u00e4ngern auch weiterhin der Sangeskunst in allen Musikgattungen, denen er seinen Ruf verdankt: Volksweisen, religi\u00f6se und romantische Chorges\u00e4nge, ber\u00fchmte Opernmelodien&#8230; Mit zahlreichen Anleihen bei osteurop\u00e4ischen Chorges\u00e4ngen der orthodoxen Kirche, die so hervorragend mit M\u00e4nnerstimmen harmonieren, hat die neue Chefin dem Chor aber auch bereits einen ganz eigenen Stempel aufgedr\u00fcckt. Ganz sanft und allm\u00e4hlich erweitert und erneuert sich unser Repertoire. Damit der Chor, so prestigetr\u00e4chtig seine Geschichte auch sein mag, sich nicht nur auf seinen Lorbeeren ausruht, sorgt Stanislava Nankova f\u00fcr neue Impulse und eine neue Dynamik.<\/p><p>Als Zeichen dieser Erneuerung nimmt der Chor von Le Brassus wieder eine sehr aktive Konzertt\u00e4tigkeit in der franz\u00f6sischsprachigen Schweiz und in Frankreich auf. Bisher ist er bereits im prachtvollen Saal der Victoria Hall aufgetreten und hat an einem Festival in Lothringen sowie an der 20. Schubertiade in Yverdon-les-Bains teilgenommen. Mit dem Geneva Brass Quintet kommt nun eine weitere, ebenfalls sehr bereichernde Erfahrung hinzu: die Vereinigung von Stimmen und Blechblasinstrumenten. Das Ergebnis dieser erfolgreichen Zusammenarbeit ist eine CD, die alle Fans der sch\u00f6nsten M\u00e4nnerstimmen (!) noch vor dem Internationalen Treffen im Vall\u00e9e de Joux im Juni 2018 erfreuen d\u00fcrfte. \u00abDie Zukunft geh\u00f6rt denen, die an die Sch\u00f6nheit ihrer Tr\u00e4ume glauben\u00bb, hat mal jemand gesagt. Das ist auch unsere tiefe \u00dcberzeugung. Wir m\u00f6chten allen Zuh\u00f6rern und Freunden unseres Chors ganz herzlich danken, dass sie diesen sch\u00f6nen Traum mit uns hegen.<\/p>\t\t\t\t\t\t\t\t<\/div>\n\t\t\t\t<\/div>\n\t\t\t\t\t<\/div>\n\t\t<\/div>\n\t\t\t\t\t<\/div>\n\t\t<\/section>\n\t\t\t\t<section class=\"elementor-section elementor-top-section elementor-element elementor-element-c95b806 elementor-section-boxed elementor-section-height-default elementor-section-height-default\" data-id=\"c95b806\" data-element_type=\"section\">\n\t\t\t\t\t\t<div class=\"elementor-container elementor-column-gap-default\">\n\t\t\t\t\t<div class=\"elementor-column elementor-col-100 elementor-top-column elementor-element elementor-element-1d19d70\" data-id=\"1d19d70\" data-element_type=\"column\">\n\t\t\t<div class=\"elementor-widget-wrap elementor-element-populated\">\n\t\t\t\t\t\t<div class=\"elementor-element elementor-element-a0ce4fe elementor-widget elementor-widget-heading\" data-id=\"a0ce4fe\" data-element_type=\"widget\" data-widget_type=\"heading.default\">\n\t\t\t\t<div class=\"elementor-widget-container\">\n\t\t\t\t\t<h2 class=\"elementor-heading-title elementor-size-default\">Konzertausschnitte<\/h2>\t\t\t\t<\/div>\n\t\t\t\t<\/div>\n\t\t\t\t<div class=\"elementor-element elementor-element-6434114 elementor-widget elementor-widget-text-editor\" data-id=\"6434114\" data-element_type=\"widget\" data-widget_type=\"text-editor.default\">\n\t\t\t\t<div class=\"elementor-widget-container\">\n\t\t\t\t\t\t\t\t\t<p><div style=\"width: 1200px;\" class=\"wp-video\"><!--[if lt IE 9]><script>document.createElement('video');<\/script><![endif]-->\n<video class=\"wp-video-shortcode\" id=\"video-378-1\" width=\"1200\" height=\"675\" preload=\"metadata\" controls=\"controls\"><source type=\"video\/mp4\" src=\"https:\/\/choraledubrassus.ch\/wp-content\/uploads\/ChoraleduBrassus-VH-web.mp4?_=1\" \/><a href=\"https:\/\/choraledubrassus.ch\/wp-content\/uploads\/ChoraleduBrassus-VH-web.mp4\">https:\/\/choraledubrassus.ch\/wp-content\/uploads\/ChoraleduBrassus-VH-web.mp4<\/a><\/video><\/div><\/p><h3>Victoria Hall<\/h3><p>Choeur des Pr\u00eatres<br \/> W. A. Mozart<\/p><p>\u00a0<\/p><h3>RTS<\/h3><p>Passe-moi les jumelles du 1er mai 2016<br \/> <a href=\"http:\/\/www.rts.ch\/play\/tv\/passe-moi-les-jumelles\/video\/la-vallee-du-chur?id=7613978\" target=\"_blank\" rel=\"noopener\">La Vall\u00e9e du ch\u0153ur<\/a><\/p>\t\t\t\t\t\t\t\t<\/div>\n\t\t\t\t<\/div>\n\t\t\t\t<div class=\"elementor-element elementor-element-a86b290 elementor-widget elementor-widget-spacer\" data-id=\"a86b290\" data-element_type=\"widget\" data-widget_type=\"spacer.default\">\n\t\t\t\t<div class=\"elementor-widget-container\">\n\t\t\t\t\t\t\t<div class=\"elementor-spacer\">\n\t\t\t<div class=\"elementor-spacer-inner\"><\/div>\n\t\t<\/div>\n\t\t\t\t\t\t<\/div>\n\t\t\t\t<\/div>\n\t\t\t\t<div class=\"elementor-element elementor-element-d8fce47 elementor-widget elementor-widget-heading\" data-id=\"d8fce47\" data-element_type=\"widget\" data-widget_type=\"heading.default\">\n\t\t\t\t<div class=\"elementor-widget-container\">\n\t\t\t\t\t<h2 class=\"elementor-heading-title elementor-size-default\">Unsere Partner und Freunde<\/h2>\t\t\t\t<\/div>\n\t\t\t\t<\/div>\n\t\t\t\t<div class=\"elementor-element elementor-element-ff9d7f5 elementor-widget elementor-widget-global elementor-global-801 elementor-widget-text-editor\" data-id=\"ff9d7f5\" data-element_type=\"widget\" data-widget_type=\"text-editor.default\">\n\t\t\t\t<div class=\"elementor-widget-container\">\n\t\t\t\t\t\t\t\t\t<p><a href=\"http:\/\/gbq.ch\/\" target=\"_blank\" rel=\"noopener\">Geneva Brass Quintet<\/a><br \/><a href=\"https:\/\/www.jcgaberel.ch\/\" target=\"_blank\" rel=\"noopener\">JC Gaberel<\/a><\/p>\t\t\t\t\t\t\t\t<\/div>\n\t\t\t\t<\/div>\n\t\t\t\t\t<\/div>\n\t\t<\/div>\n\t\t\t\t\t<\/div>\n\t\t<\/section>\n\t\t\t\t<\/div>\n\t\t","protected":false},"excerpt":{"rendered":"<p>Der geschichtstr\u00e4chtige Chor von Le Brassus wird niemals vergessen, was er Andr\u00e9 Charlet zu verdanken hat. Doch genau wie Filmemacher Woody Allen denkt er auch viel an die Zukunft, weil das der Ort ist, an dem er die n\u00e4chsten Jahre zubringen wird! Unter der Leitung von Stanislava Nankova widmet sich unser M\u00e4nnerchor mit seinen gut [&hellip;]<\/p>\n","protected":false},"author":1,"featured_media":0,"parent":0,"menu_order":20,"comment_status":"closed","ping_status":"closed","template":"","meta":{"_acf_changed":false,"ocean_post_layout":"","ocean_both_sidebars_style":"","ocean_both_sidebars_content_width":0,"ocean_both_sidebars_sidebars_width":0,"ocean_sidebar":"0","ocean_second_sidebar":"0","ocean_disable_margins":"enable","ocean_add_body_class":"","ocean_shortcode_before_top_bar":"","ocean_shortcode_after_top_bar":"","ocean_shortcode_before_header":"","ocean_shortcode_after_header":"","ocean_has_shortcode":"","ocean_shortcode_after_title":"","ocean_shortcode_before_footer_widgets":"","ocean_shortcode_after_footer_widgets":"","ocean_shortcode_before_footer_bottom":"","ocean_shortcode_after_footer_bottom":"","ocean_display_top_bar":"default","ocean_display_header":"default","ocean_header_style":"","ocean_center_header_left_menu":"0","ocean_custom_header_template":"0","ocean_custom_logo":0,"ocean_custom_retina_logo":0,"ocean_custom_logo_max_width":0,"ocean_custom_logo_tablet_max_width":0,"ocean_custom_logo_mobile_max_width":0,"ocean_custom_logo_max_height":0,"ocean_custom_logo_tablet_max_height":0,"ocean_custom_logo_mobile_max_height":0,"ocean_header_custom_menu":"0","ocean_menu_typo_font_family":"","ocean_menu_typo_font_subset":"","ocean_menu_typo_font_size":0,"ocean_menu_typo_font_size_tablet":0,"ocean_menu_typo_font_size_mobile":0,"ocean_menu_typo_font_size_unit":"px","ocean_menu_typo_font_weight":"","ocean_menu_typo_font_weight_tablet":"","ocean_menu_typo_font_weight_mobile":"","ocean_menu_typo_transform":"","ocean_menu_typo_transform_tablet":"","ocean_menu_typo_transform_mobile":"","ocean_menu_typo_line_height":0,"ocean_menu_typo_line_height_tablet":0,"ocean_menu_typo_line_height_mobile":0,"ocean_menu_typo_line_height_unit":"","ocean_menu_typo_spacing":0,"ocean_menu_typo_spacing_tablet":0,"ocean_menu_typo_spacing_mobile":0,"ocean_menu_typo_spacing_unit":"","ocean_menu_link_color":"","ocean_menu_link_color_hover":"","ocean_menu_link_color_active":"","ocean_menu_link_background":"","ocean_menu_link_hover_background":"","ocean_menu_link_active_background":"","ocean_menu_social_links_bg":"","ocean_menu_social_hover_links_bg":"","ocean_menu_social_links_color":"","ocean_menu_social_hover_links_color":"","ocean_disable_title":"default","ocean_disable_heading":"default","ocean_post_title":"","ocean_post_subheading":"","ocean_post_title_style":"","ocean_post_title_background_color":"","ocean_post_title_background":0,"ocean_post_title_bg_image_position":"","ocean_post_title_bg_image_attachment":"","ocean_post_title_bg_image_repeat":"","ocean_post_title_bg_image_size":"","ocean_post_title_height":0,"ocean_post_title_bg_overlay":0.5,"ocean_post_title_bg_overlay_color":"","ocean_disable_breadcrumbs":"default","ocean_breadcrumbs_color":"","ocean_breadcrumbs_separator_color":"","ocean_breadcrumbs_links_color":"","ocean_breadcrumbs_links_hover_color":"","ocean_display_footer_widgets":"default","ocean_display_footer_bottom":"default","ocean_custom_footer_template":"","footnotes":""},"class_list":["post-378","page","type-page","status-publish","hentry","entry"],"acf":[],"yoast_head":"<!-- This site is optimized with the Yoast SEO plugin v25.3.1 - https:\/\/yoast.com\/wordpress\/plugins\/seo\/ -->\n<title>Der Chor | Chorale du Brassus<\/title>\n<meta name=\"robots\" content=\"index, follow, max-snippet:-1, max-image-preview:large, max-video-preview:-1\" \/>\n<link rel=\"canonical\" href=\"https:\/\/choraledubrassus.ch\/de\/der-chor\/\" \/>\n<meta property=\"og:locale\" content=\"de_DE\" \/>\n<meta property=\"og:type\" content=\"article\" \/>\n<meta property=\"og:title\" content=\"Der Chor | Chorale du Brassus\" \/>\n<meta property=\"og:description\" content=\"Der geschichtstr\u00e4chtige Chor von Le Brassus wird niemals vergessen, was er Andr\u00e9 Charlet zu verdanken hat. Doch genau wie Filmemacher Woody Allen denkt er auch viel an die Zukunft, weil das der Ort ist, an dem er die n\u00e4chsten Jahre zubringen wird! Unter der Leitung von Stanislava Nankova widmet sich unser M\u00e4nnerchor mit seinen gut [&hellip;]\" \/>\n<meta property=\"og:url\" content=\"https:\/\/choraledubrassus.ch\/de\/der-chor\/\" \/>\n<meta property=\"og:site_name\" content=\"Chorale du Brassus\" \/>\n<meta property=\"article:publisher\" content=\"https:\/\/www.facebook.com\/ChoraleduBrassus1849\/\" \/>\n<meta property=\"article:modified_time\" content=\"2018-06-28T09:28:54+00:00\" \/>\n<meta name=\"twitter:card\" content=\"summary_large_image\" \/>\n<meta name=\"twitter:label1\" content=\"Gesch\u00e4tzte Lesezeit\" \/>\n\t<meta name=\"twitter:data1\" content=\"2\u00a0Minuten\" \/>\n<script type=\"application\/ld+json\" class=\"yoast-schema-graph\">{\"@context\":\"https:\/\/schema.org\",\"@graph\":[{\"@type\":\"WebPage\",\"@id\":\"https:\/\/choraledubrassus.ch\/de\/der-chor\/\",\"url\":\"https:\/\/choraledubrassus.ch\/de\/der-chor\/\",\"name\":\"Der Chor | Chorale du Brassus\",\"isPartOf\":{\"@id\":\"https:\/\/choraledubrassus.ch\/#website\"},\"datePublished\":\"2018-02-09T10:25:29+00:00\",\"dateModified\":\"2018-06-28T09:28:54+00:00\",\"breadcrumb\":{\"@id\":\"https:\/\/choraledubrassus.ch\/de\/der-chor\/#breadcrumb\"},\"inLanguage\":\"de\",\"potentialAction\":[{\"@type\":\"ReadAction\",\"target\":[\"https:\/\/choraledubrassus.ch\/de\/der-chor\/\"]}]},{\"@type\":\"BreadcrumbList\",\"@id\":\"https:\/\/choraledubrassus.ch\/de\/der-chor\/#breadcrumb\",\"itemListElement\":[{\"@type\":\"ListItem\",\"position\":1,\"name\":\"Accueil\",\"item\":\"https:\/\/choraledubrassus.ch\/de\/\"},{\"@type\":\"ListItem\",\"position\":2,\"name\":\"Der Chor\"}]},{\"@type\":\"WebSite\",\"@id\":\"https:\/\/choraledubrassus.ch\/#website\",\"url\":\"https:\/\/choraledubrassus.ch\/\",\"name\":\"Chorale du Brassus\",\"description\":\"Choeur d&#039;hommes, M\u00e4nnerchor, Swiss Male Voice Choir, more than 150 years old\",\"publisher\":{\"@id\":\"https:\/\/choraledubrassus.ch\/#organization\"},\"potentialAction\":[{\"@type\":\"SearchAction\",\"target\":{\"@type\":\"EntryPoint\",\"urlTemplate\":\"https:\/\/choraledubrassus.ch\/?s={search_term_string}\"},\"query-input\":{\"@type\":\"PropertyValueSpecification\",\"valueRequired\":true,\"valueName\":\"search_term_string\"}}],\"inLanguage\":\"de\"},{\"@type\":\"Organization\",\"@id\":\"https:\/\/choraledubrassus.ch\/#organization\",\"name\":\"Chorale du Brassus\",\"url\":\"https:\/\/choraledubrassus.ch\/\",\"logo\":{\"@type\":\"ImageObject\",\"inLanguage\":\"de\",\"@id\":\"https:\/\/choraledubrassus.ch\/#\/schema\/logo\/image\/\",\"url\":\"https:\/\/choraledubrassus.ch\/wp-content\/uploads\/2018\/02\/ChoraleduBrassus_logo_retina.png\",\"contentUrl\":\"https:\/\/choraledubrassus.ch\/wp-content\/uploads\/2018\/02\/ChoraleduBrassus_logo_retina.png\",\"width\":560,\"height\":98,\"caption\":\"Chorale du Brassus\"},\"image\":{\"@id\":\"https:\/\/choraledubrassus.ch\/#\/schema\/logo\/image\/\"},\"sameAs\":[\"https:\/\/www.facebook.com\/ChoraleduBrassus1849\/\"]}]}<\/script>\n<!-- \/ Yoast SEO plugin. -->","yoast_head_json":{"title":"Der Chor | Chorale du Brassus","robots":{"index":"index","follow":"follow","max-snippet":"max-snippet:-1","max-image-preview":"max-image-preview:large","max-video-preview":"max-video-preview:-1"},"canonical":"https:\/\/choraledubrassus.ch\/de\/der-chor\/","og_locale":"de_DE","og_type":"article","og_title":"Der Chor | Chorale du Brassus","og_description":"Der geschichtstr\u00e4chtige Chor von Le Brassus wird niemals vergessen, was er Andr\u00e9 Charlet zu verdanken hat. Doch genau wie Filmemacher Woody Allen denkt er auch viel an die Zukunft, weil das der Ort ist, an dem er die n\u00e4chsten Jahre zubringen wird! Unter der Leitung von Stanislava Nankova widmet sich unser M\u00e4nnerchor mit seinen gut [&hellip;]","og_url":"https:\/\/choraledubrassus.ch\/de\/der-chor\/","og_site_name":"Chorale du Brassus","article_publisher":"https:\/\/www.facebook.com\/ChoraleduBrassus1849\/","article_modified_time":"2018-06-28T09:28:54+00:00","twitter_card":"summary_large_image","twitter_misc":{"Gesch\u00e4tzte Lesezeit":"2\u00a0Minuten"},"schema":{"@context":"https:\/\/schema.org","@graph":[{"@type":"WebPage","@id":"https:\/\/choraledubrassus.ch\/de\/der-chor\/","url":"https:\/\/choraledubrassus.ch\/de\/der-chor\/","name":"Der Chor | Chorale du Brassus","isPartOf":{"@id":"https:\/\/choraledubrassus.ch\/#website"},"datePublished":"2018-02-09T10:25:29+00:00","dateModified":"2018-06-28T09:28:54+00:00","breadcrumb":{"@id":"https:\/\/choraledubrassus.ch\/de\/der-chor\/#breadcrumb"},"inLanguage":"de","potentialAction":[{"@type":"ReadAction","target":["https:\/\/choraledubrassus.ch\/de\/der-chor\/"]}]},{"@type":"BreadcrumbList","@id":"https:\/\/choraledubrassus.ch\/de\/der-chor\/#breadcrumb","itemListElement":[{"@type":"ListItem","position":1,"name":"Accueil","item":"https:\/\/choraledubrassus.ch\/de\/"},{"@type":"ListItem","position":2,"name":"Der Chor"}]},{"@type":"WebSite","@id":"https:\/\/choraledubrassus.ch\/#website","url":"https:\/\/choraledubrassus.ch\/","name":"Chorale du Brassus","description":"Choeur d&#039;hommes, M\u00e4nnerchor, Swiss Male Voice Choir, more than 150 years old","publisher":{"@id":"https:\/\/choraledubrassus.ch\/#organization"},"potentialAction":[{"@type":"SearchAction","target":{"@type":"EntryPoint","urlTemplate":"https:\/\/choraledubrassus.ch\/?s={search_term_string}"},"query-input":{"@type":"PropertyValueSpecification","valueRequired":true,"valueName":"search_term_string"}}],"inLanguage":"de"},{"@type":"Organization","@id":"https:\/\/choraledubrassus.ch\/#organization","name":"Chorale du Brassus","url":"https:\/\/choraledubrassus.ch\/","logo":{"@type":"ImageObject","inLanguage":"de","@id":"https:\/\/choraledubrassus.ch\/#\/schema\/logo\/image\/","url":"https:\/\/choraledubrassus.ch\/wp-content\/uploads\/2018\/02\/ChoraleduBrassus_logo_retina.png","contentUrl":"https:\/\/choraledubrassus.ch\/wp-content\/uploads\/2018\/02\/ChoraleduBrassus_logo_retina.png","width":560,"height":98,"caption":"Chorale du Brassus"},"image":{"@id":"https:\/\/choraledubrassus.ch\/#\/schema\/logo\/image\/"},"sameAs":["https:\/\/www.facebook.com\/ChoraleduBrassus1849\/"]}]}},"_links":{"self":[{"href":"https:\/\/choraledubrassus.ch\/de\/wp-json\/wp\/v2\/pages\/378","targetHints":{"allow":["GET"]}}],"collection":[{"href":"https:\/\/choraledubrassus.ch\/de\/wp-json\/wp\/v2\/pages"}],"about":[{"href":"https:\/\/choraledubrassus.ch\/de\/wp-json\/wp\/v2\/types\/page"}],"author":[{"embeddable":true,"href":"https:\/\/choraledubrassus.ch\/de\/wp-json\/wp\/v2\/users\/1"}],"replies":[{"embeddable":true,"href":"https:\/\/choraledubrassus.ch\/de\/wp-json\/wp\/v2\/comments?post=378"}],"version-history":[{"count":6,"href":"https:\/\/choraledubrassus.ch\/de\/wp-json\/wp\/v2\/pages\/378\/revisions"}],"predecessor-version":[{"id":807,"href":"https:\/\/choraledubrassus.ch\/de\/wp-json\/wp\/v2\/pages\/378\/revisions\/807"}],"wp:attachment":[{"href":"https:\/\/choraledubrassus.ch\/de\/wp-json\/wp\/v2\/media?parent=378"}],"curies":[{"name":"wp","href":"https:\/\/api.w.org\/{rel}","templated":true}]}}